{"id":884,"date":"2018-10-26T21:10:23","date_gmt":"2018-10-26T19:10:23","guid":{"rendered":"http:\/\/dri.pwr.edu.pl\/?page_id=884"},"modified":"2024-10-29T14:18:36","modified_gmt":"2024-10-29T12:18:36","slug":"about-me","status":"publish","type":"page","link":"https:\/\/dri.pwr.edu.pl\/pl\/","title":{"rendered":"O mnie"},"content":{"rendered":"<p><a href=\"http:\/\/dri.pwr.edu.pl\/wp-content\/uploads\/2024\/10\/d-robert-iskander.jpg\"><img loading=\"lazy\" decoding=\"async\" src=\"http:\/\/dri.pwr.edu.pl\/wp-content\/uploads\/2024\/10\/d-robert-iskander.jpg\" alt=\"am\" width=\"200\" height=\"250\" \/><\/a><\/p>\n<p>W 1997 obroni\u0142em prac\u0119 doktorsk\u0105 w dziedzinie statystycznego przetwarzania sygna\u0142\u00f3w na Queensland University of Technology (QUT), Brisbane, Qld., Australia. W 2010 uzyska\u0142em stopie\u0144 doktora habilitowanego w dziedzinie biocybernetyki i in\u017cynierii biomedycznej na Politechnice \u015al\u0105skiej w Gliwicach. Od 1996 do 2000 roku pracowa\u0142em jako Research Fellow w Signal Processing Research Centre oraz Centre for Eye Research, QUT. Nast\u0119pnie zwi\u0105za\u0142em si\u0119 ze School of Engineering, Griffith University, jako Senior Lecturer oraz Szef Grupy Przetwarzania Sygna\u0142\u00f3w. W 2003 roku, powr\u00f3ci\u0142em do QUT jako Principal Research Fellow w School of Optometry, gdzie kierowa\u0142em Grup\u0105 Przetwarzania Sygna\u0142\u00f3w i Obraz\u00f3w w Contact Lens and Visual Optics Laboratory. W marcu 2011 do\u0142\u0105czy\u0142em do Instytutu In\u017cynierii Biomedycznej i Pomiarowej Politechniki Wroc\u0142awskiej (od listopada 2014 Katedra In\u017cynierii Biomedycznej). Tu kieruj\u0119 Zespo\u0142em Przetwarzania Sygna\u0142\u00f3w Biomedycznych. W 2016 roku uko\u0144czy\u0142em Polsko-Ameryka\u0144sk\u0105 Szko\u0142\u0119 Biznesu (PASB - edycja XXXV) na Politechnice Wroc\u0142awskiej. Od lutego 2021 pe\u0142ni\u0119 funkcj\u0119 Prodziekana ds. finansowych na Wydziale Podstawowych Problem\u00f3w Techniki. Od kwietnia 2022 z dum\u0105 pe\u0142ni\u0119 funkcj\u0119 kierownika Katedry In\u017cynierii Biomedycznej, a od 2023 roku dyrektora Health Tech Synergy Hub.  <\/p>","protected":false},"excerpt":{"rendered":"<p>I received the Ph.D. degree in statistical signal processing from Queensland University of Technology (QUT), Brisbane, Qld., Australia, in 1997, and the D. Sc. degree in biocybernetics and biomedical engineering from the Silesian Technical University, Gliwice, Poland, in 2010. From 1996 to 2000, I worked as a Research Fellow at the Signal Processing Research Centre &hellip;<\/p>\n<p class=\"read-more\"> <a class=\"\" href=\"https:\/\/dri.pwr.edu.pl\/pl\/\"> <span class=\"screen-reader-text\">O mnie<\/span> Read More &raquo;<\/a><\/p>","protected":false},"author":1,"featured_media":0,"parent":0,"menu_order":0,"comment_status":"closed","ping_status":"closed","template":"","meta":{"footnotes":""},"class_list":["post-884","page","type-page","status-publish","hentry"],"aioseo_notices":[],"_links":{"self":[{"href":"https:\/\/dri.pwr.edu.pl\/pl\/wp-json\/wp\/v2\/pages\/884","targetHints":{"allow":["GET"]}}],"collection":[{"href":"https:\/\/dri.pwr.edu.pl\/pl\/wp-json\/wp\/v2\/pages"}],"about":[{"href":"https:\/\/dri.pwr.edu.pl\/pl\/wp-json\/wp\/v2\/types\/page"}],"author":[{"embeddable":true,"href":"https:\/\/dri.pwr.edu.pl\/pl\/wp-json\/wp\/v2\/users\/1"}],"replies":[{"embeddable":true,"href":"https:\/\/dri.pwr.edu.pl\/pl\/wp-json\/wp\/v2\/comments?post=884"}],"version-history":[{"count":20,"href":"https:\/\/dri.pwr.edu.pl\/pl\/wp-json\/wp\/v2\/pages\/884\/revisions"}],"predecessor-version":[{"id":1254,"href":"https:\/\/dri.pwr.edu.pl\/pl\/wp-json\/wp\/v2\/pages\/884\/revisions\/1254"}],"wp:attachment":[{"href":"https:\/\/dri.pwr.edu.pl\/pl\/wp-json\/wp\/v2\/media?parent=884"}],"curies":[{"name":"wp","href":"https:\/\/api.w.org\/{rel}","templated":true}]}}