{"id":847,"date":"2018-10-26T01:06:50","date_gmt":"2018-10-25T23:06:50","guid":{"rendered":"http:\/\/dri.pwr.edu.pl\/?page_id=847"},"modified":"2022-08-31T21:16:31","modified_gmt":"2022-08-31T19:16:31","slug":"outreach","status":"publish","type":"page","link":"https:\/\/dri.pwr.edu.pl\/pl\/outreach\/","title":{"rendered":"Zasi\u0119g badawczy"},"content":{"rendered":"<p><strong>XII Mi\u0119dzynarodowe Symposium - Post\u0119py w diagnostyce i terapii schorze\u0144 rog\u00f3wki, Wis\u0142a, 5-7 Marca, 2020<\/strong><br \/>\n<a href=\"http:\/\/dri.pwr.edu.pl\/wp-content\/uploads\/2020\/03\/Cornea2020_EN.png\"><img loading=\"lazy\" decoding=\"async\" class=\"aligncenter size-large wp-image-371\" src=\"http:\/\/dri.pwr.edu.pl\/wp-content\/uploads\/2020\/03\/Cornea2020_EN.png\" alt=\"Cornea 2020\" width=\"700\" height=\"199\" \/><\/a><\/p>\n<p><strong>Aberracje wy\u017cszego rz\u0119du oka w 2020 r. Czy cel 20\/10 zosta\u0142 ustawiony zbyt daleko od rzeczywisto\u015bci?<\/strong><\/p>\n<p>Pod wzgl\u0119dem populacji oko\u0142o 1 na 1000 osobnik\u00f3w osi\u0105ga widzenie 20\/10 (visus 2, LogMAR \uf02d0,3). Pod koniec lat dziewi\u0119\u0107dziesi\u0105tych, g\u0142\u00f3wnie ze wzgl\u0119du na post\u0119py w pomiarach aberracji wy\u017cszego rz\u0119du, dla wi\u0119kszo\u015bci ludzi, zwykle osi\u0105gaj\u0105cych widzenie na poziomie 20\/20 (visus 1, LogMAR 0,0), wyznaczono cel, aby osi\u0105gn\u0105\u0107 tak wysoki poziom ostro\u015bci wzroku do roku 2010. W tym czasie uwa\u017cano, \u017ce spersonalizowana chirurgia refrakcyjna lub spersonalizowane soczewki kontaktowe, potencjalnie koryguj\u0105ce aberracje wy\u017cszego rz\u0119du, zapewni\u0105 \u015brodki do tego post\u0119pu. Oko nie jest jednak systemem statycznym, kt\u00f3ry mo\u017cna skorygowa\u0107 statycznie (za pomoc\u0105 okular\u00f3w, soczewek kontaktowych lub chirurgii refrakcyjnej). Dop\u00f3ki nie b\u0119dziemy mogli zastosowa\u0107 dynamicznej korekcji wzroku poza laboratoriami, dynamika optyki ludzkiego oka musi by\u0107 dobrze zrozumiana, aby obiektywnie okre\u015bli\u0107 optymaln\u0105 korekcj\u0119 statyczn\u0105. Co wa\u017cniejsze, samo zniwelowanie aberracji wy\u017cszego rz\u0119du w oku nie jest rozwi\u0105zaniem dla osi\u0105gni\u0119cia wy\u017cszych poziom\u00f3w ostro\u015bci wzroku, poniewa\u017c niekt\u00f3re aberracje i ich dynamika mog\u0105 mie\u0107 konstruktywny, a nie destrukcyjny charakter w procesie widzenia.<\/p>\n<hr \/>\n<p><strong>I Konferencja Okulistyczny Festiwal Filmowy i Fotograficzny, Gdynia, 30-31 Sierpnia 2019<\/strong><br \/>\n<iframe loading=\"lazy\" width=\"560\" height=\"315\" src=\"https:\/\/www.youtube.com\/embed\/vZP7ejVxu34\" frameborder=\"0\" allow=\"accelerometer; autoplay; encrypted-media; gyroscope; picture-in-picture\" allowfullscreen><\/iframe><\/p>\n<p><strong>Co nam chce powiedzie\u0107 oko?<\/strong><\/p>\n<p>Puls oczny dotyczy szeregu zjawisk zwi\u0105zanych z ekspansj\u0105 ga\u0142ki ocznej wywo\u0142anej fluktuacjami ci\u015bnienia wewn\u0105trzga\u0142kowego, pulsacyjnym przep\u0142ywem krwi w kr\u0105\u017ceniu ocznym, jak i wzd\u0142u\u017cnymi przemieszczeniami ga\u0142ki ocznej w oczodole. Do niedawna, pomiar pulsu ocznego kojarzy\u0142 si\u0119 z wysoko wyspecjalizowan\u0105 aparatur\u0105 pomiarow\u0105 tak\u0105 jak Kolorowa Ultrasonografia Dopplerowska (z ang. Colour Doppler Imaging), czy te\u017c, w przypadku pulsu rog\u00f3wkowego, z prototypami takimi jak ultrasonograf opracowywany na Politechnice Wroc\u0142awskiej (PWr) przez zesp\u00f3\u0142 dr Moniki Danielewskiej. Nowa technologia, zapocz\u0105tkowana w Stanach Zjednoczonych na MIT i udoskonalona na PWr, polegaj\u0105ca na uwydatnianiu ruchu w filmach video (z ang. Video Motion Magnification), pozwala na rejestracj\u0119 pulsu rog\u00f3wkowego standardowym cyfrowym aparatem fotograficznym czy tez telefonem. Film, zatytu\u0142owany \u201eco nam chce powiedzie\u0107 oko?\u201d jest form\u0105 promocji tej nowej technologii, kt\u00f3ra mo\u017ce w przysz\u0142o\u015bci, zosta\u0107 wykorzystana w diagnozie jaskry oraz scharakteryzowania pulsu ocznego u os\u00f3b podejrzanych o jaskr\u0119.<\/p>\n<hr \/>\n<p><strong>Konwersatorium na Uniwersytecie Warszawskim (25 Marca 2019)<\/strong><br \/>\n<a href=\"http:\/\/dri.pwr.edu.pl\/wp-content\/uploads\/2019\/04\/konwersatorium.png\"><img loading=\"lazy\" decoding=\"async\" class=\"aligncenter size-large wp-image-371\" src=\"http:\/\/dri.pwr.edu.pl\/wp-content\/uploads\/2019\/04\/konwersatorium.png\" alt=\"Konwersatorium 2019\" width=\"700\" height=\"143\" \/><\/a><\/p>\n<p><strong>Fizyka oka ludzkiego w XXI wieku<\/strong><\/p>\n<p>Oko ludzkie nie jestem system statycznym, lecz skomplikowanym, dynamicznym uk\u0142adem optycznym, w kt\u00f3rym obserwujemy czasowe zmiany aberracji czo\u0142a fali spowodowane mikrofluktuacjami akomodacji, pulsacj\u0105 oka czy te\u017c czasowymi zmianami charakterystyk powierzchni oka (np., dynamika filmu \u0142zowego, deformacje rog\u00f3wki). Pomimo zaobserwowanej dynamiki, obecna korekcja wzroku (okulary, soczewki kontaktowe czy chirurgia refrakcyjna) jest statyczna. Dop\u00f3ki nie b\u0119dziemy mogli zastosowa\u0107 dynamicznej korekcji wzroku poza laboratoriami, dynamika optyki ludzkiego oka musi by\u0107 dobrze zrozumiana, aby obiektywnie ustali\u0107 optymaln\u0105 korekcj\u0119 statyczn\u0105. Dlatego wa\u017cne s\u0105 badania nad dynamik\u0105 aberracji frontu falowego w oku ludzkim. Z drugiej strony, warto zastanowi\u0107 si\u0119, czy idealnie skorygowany uk\u0142ad optyczny oka, na przyk\u0142ad, za pomoc\u0105 optyki adaptatywnej b\u0119dzie najlepszym rozwi\u0105zaniem w procesie widzenia. Min\u0119\u0142o ponad 50 lat od czasu pracy Lohmanna i Parisa, kt\u00f3rzy badali wp\u0142yw drga\u0144 rozogniskowania (periodycznych zmian w po\u0142o\u017ceniu obrazu wzgl\u0119dem ogniska) w idealnym systemie optycznym. Co ciekawe, odkryli, \u017ce zintegrowana jako\u015b\u0107 obrazu umieszczonego poza ogniskiem wzrasta w obecno\u015bci wibracji rozogniskowania. Obecno\u015b\u0107 takiego mechanizmu w oku by\u0142a od lat spekulowana przez prelegenta. Ostatnio wykazali\u015bmy eksperymentalnie, \u017ce zar\u00f3wno symulowana jako\u015b\u0107 obrazu siatk\u00f3wkowego, jak i eksperymentalnie zmierzona ostro\u015b\u0107 wzroku poprawiaj\u0105 si\u0119, gdy wibracje rozogniskowania s\u0105 dodawane do niemiarowego oka. Konwersatorium zako\u0144czy\u0142o otwarte dyskusyjne pytanie: czy naturalnie wyst\u0119puj\u0105ca w oku ma\u0142a warto\u015b\u0107 rozogniskowania przyczynia si\u0119 do lepszego widzenia?<\/p>\n<hr \/>\n<p><strong>VIII Mi\u0119dzynarodowe Kontrowersje w Okulistyce<\/strong>. <\/p>\n<p><a href=\"http:\/\/dri.pwr.edu.pl\/wp-content\/uploads\/2018\/10\/Karpacz2018.png\"><img loading=\"lazy\" decoding=\"async\" class=\"aligncenter size-large wp-image-371\" src=\"http:\/\/dri.pwr.edu.pl\/wp-content\/uploads\/2018\/10\/Karpacz2018.png\" alt=\"Karpacz 2018\" width=\"500\" height=\"238\" \/><\/a><\/p>\n<p><strong>Czy nale\u017cy leczy\u0107 oko towarzysz\u0105ce u pacjenta z jaskr\u0105 jednostronn\u0105?<\/strong><\/p>\n<p>W wi\u0119kszo\u015bci przypadk\u00f3w jednostronna jaskra jest wt\u00f3rna, a staranne, systematyczne badanie pomo\u017ce wykry\u0107 przyczyn\u0119 nadci\u015bnienia. Jednak przypadek jednostronnej pierwotnej jaskry otwartego k\u0105ta nie zawsze jest oczywisty. Je\u015bli chodzi o rozpowszechnienie, ju\u017c w 1972 r. Etienne (Brit J. Ophthal. (1972) 56, 258) zbada\u0142 1373 przypadki, z kt\u00f3rych 289 (28%) by\u0142o jednostronnych. Jednak tylko 2,3% zosta\u0142o zdiagnozowanych jako jaskra pierwotna. Dotyczy\u0142o to 33 przypadk\u00f3w przewlek\u0142ej jaskry zwyk\u0142ej; 12 przypadk\u00f3w eksfoliacji i jaskry oraz jeden przypadek jaskry barwnikowej. Etienne argumentowa\u0142, \u017ce je\u015bli przyj\u0105\u0107 hydrodynamiczn\u0105 definicj\u0119 jaskry, nie ma jednostronnej jaskry: s\u0105 tylko asymetryczne jaskrowe oczy. Nasze najnowsze odkrycia pokazuj\u0105, \u017ce osoby podejrzane o jaskr\u0119 maj\u0105 podobne charakterystyki biomechaniczne jak te obserwowane u pacjent\u00f3w z jaskr\u0105, szczeg\u00f3lnie dotyczy to kszta\u0142tu blaszki sitowej, jak r\u00f3wnie\u017c parametr\u00f3w opisuj\u0105cych mikrostruktur\u0119 rog\u00f3wki. Ponadto stwierdzono, \u017ce pozornie nominalne ci\u015bnienie wewn\u0105trzga\u0142kowe w grupie podejrzanych jest wystarczaj\u0105co wysokie dla reorganizacji mikrostruktury rog\u00f3wki o charakterze podobnym do tego, kt\u00f3ry wykazywano w grupie z jaskr\u0105. Podobnie Hirnei\u00df i in. (Acta Ophthalmol, 2011: 89: e189-e192) podali, \u017ce w\u0142a\u015bciwo\u015bci biomechaniczne rog\u00f3wki nie r\u00f3\u017cni\u0105 si\u0119 w obu oczach pacjent\u00f3w z jednostronn\u0105 pierwotn\u0105 jaskr\u0105 z otwartym k\u0105tem przes\u0105czania. Wszystko to wskazuje, \u017ce w przypadku rzadko wyst\u0119puj\u0105cej jednostronnej pierwotnej jaskry z otwartym k\u0105tem przes\u0105czania drugie oko musi by\u0107 dok\u0142adnie monitorowane i leczone. <\/p>\n<hr \/>\n<p><strong>IV Konferencja Naukowo-Szkoleniowa. OCT w Okulistyce<\/strong>. <\/p>\n<p><a href=\"http:\/\/dri.pwr.edu.pl\/wp-content\/uploads\/2018\/10\/Bydgoszcz2018.jpg\"><img loading=\"lazy\" decoding=\"async\" class=\"aligncenter size-large wp-image-371\" src=\"http:\/\/dri.pwr.edu.pl\/wp-content\/uploads\/2018\/10\/Bydgoszcz2018.jpg\" alt=\"Bydgoszcz 2018\" width=\"700\" height=\"143\" \/><\/a><\/p>\n<p><strong>Wykorzystanie informacji zawartej w szumie plamkowym obraz\u00f3w OCT rog\u00f3wki w diagnostyce jaskry<\/strong><\/p>\n<p>Obrazowanie rog\u00f3wki, zw\u0142aszcza za pomoc\u0105 optycznej koherentnej tomografii (z ang. Optical Coherence Tomography, OCT), kojarzone jest w badaniach jaskry g\u0142\u00f3wnie z pomiarem k\u0105ta przes\u0105czania celem okre\u015blenia rodzaju jaskry (zamkni\u0119ty\/otwarty k\u0105t). Badania pokazuj\u0105, \u017ce obrazowanie przedniego odcinaka oka, zw\u0142aszcza badanie parametr\u00f3w statystycznych szumu plamkowego w obrazach OCT rog\u00f3wki, mog\u0105 r\u00f3wnie\u017c pomoc w zrozumieniu etiologii jaskry normalnego ci\u015bnienia i pom\u00f3c lekarzom w diagnozie. Wyk\u0142ad om\u00f3wi\u0142 najnowsze badania naukowe dotycz\u0105ce oceny szumu plamkowego OCT, oraz jego relacje ze zmianami mikrostruktury rog\u00f3wki zwi\u0105zanymi z wiekiem, opuchni\u0119ciem czy te\u017c ci\u015bnieniem wewn\u0105trzga\u0142kowym. Dodatkowo om\u00f3wione zosta\u0142y badania przeprowadzone na trzech grupach os\u00f3b: (i) z jaskr\u0105 otwartego k\u0105ta, (ii) podejrzanych ze wzgl\u0119du na wygl\u0105d tarczy nerwu wzrokowego oraz (iii) kontrolnych, w kt\u00f3rych ocena szumu plamkowego OCT rog\u00f3wki daje nowe \u015bwiat\u0142o na problem jaskry normalnego ci\u015bnienia.<\/p>\n<hr \/>\n<p><strong>Jesienne Warsztaty Okulistyczne. Wojskowy Instytut Medyczny<\/strong>. <\/p>\n<p><a href=\"http:\/\/dri.pwr.edu.pl\/wp-content\/uploads\/2018\/10\/Jachranka2016.jpg\"><img loading=\"lazy\" decoding=\"async\" class=\"aligncenter size-large wp-image-371\" src=\"http:\/\/dri.pwr.edu.pl\/wp-content\/uploads\/2018\/10\/Jachranka2016.jpg\" alt=\"Jachranka 2016\" width=\"700\" height=\"166\" \/><\/a><\/p>\n<p><strong>Zaawansowane metody pomiaru pulsu ocznego<\/strong><\/p>\n<p>Puls oczny dotyczy szeregu zjawisk zwi\u0105zanych z ekspansj\u0105 ga\u0142ki ocznej wywo\u0142anej fluktuacjami ci\u015bnienia wewn\u0105trzga\u0142kowego, pulsacyjnym przep\u0142ywem krwi w kr\u0105\u017ceniu ocznym, jak i wzd\u0142u\u017cnymi przemieszczeniami ga\u0142ki ocznej w oczodole. Wyk\u0142ad om\u00f3wi\u0142 najnowsze badania zwi\u0105zane z zaawansowanymi pomiarami dynamicznych zmian w ci\u015bnieniu wewn\u0105trzga\u0142kowym za pomoc\u0105 Dynamicznej Tonometrii Profilowej (z ang. Dynamic Contour Tonometry) oraz w przep\u0142ywie krwi w kr\u0105\u017ceniu ocznym za pomoc\u0105 Kolorowej Ultrasonografii Dopplerowskiej (z ang. Colour Doppler Imaging). W szczeg\u00f3lno\u015bci, nacisk zosta\u0142 po\u0142o\u017cony na u\u017cyteczno\u015b\u0107 tych technik do pomocy w diagnozie jaskry oraz scharakteryzowanie pulsu ocznego u os\u00f3b podejrzanych o jaskr\u0119.<\/p>\n<hr \/>","protected":false},"excerpt":{"rendered":"<p>12th International Symposium &#8211; Advances in Diagnosis and Treatment of Corneal Diseases, Wisla, March 5-7, 2020 Eye&#8217;s higher order aberrations in 2020. Was the target of 20\/10 set too far from reality? Population-wise, approximately 1 out of 1000 individuals achieves 20\/10 vision (Decimal 2, LogMAR of \uf02d0.3). In the late nineties, mostly due to the &hellip;<\/p>\n<p class=\"read-more\"> <a class=\"\" href=\"https:\/\/dri.pwr.edu.pl\/pl\/outreach\/\"> <span class=\"screen-reader-text\">Zasi\u0119g badawczy<\/span> Read More &raquo;<\/a><\/p>","protected":false},"author":1,"featured_media":0,"parent":0,"menu_order":0,"comment_status":"closed","ping_status":"closed","template":"","meta":{"footnotes":""},"class_list":["post-847","page","type-page","status-publish","hentry"],"aioseo_notices":[],"_links":{"self":[{"href":"https:\/\/dri.pwr.edu.pl\/pl\/wp-json\/wp\/v2\/pages\/847","targetHints":{"allow":["GET"]}}],"collection":[{"href":"https:\/\/dri.pwr.edu.pl\/pl\/wp-json\/wp\/v2\/pages"}],"about":[{"href":"https:\/\/dri.pwr.edu.pl\/pl\/wp-json\/wp\/v2\/types\/page"}],"author":[{"embeddable":true,"href":"https:\/\/dri.pwr.edu.pl\/pl\/wp-json\/wp\/v2\/users\/1"}],"replies":[{"embeddable":true,"href":"https:\/\/dri.pwr.edu.pl\/pl\/wp-json\/wp\/v2\/comments?post=847"}],"version-history":[{"count":26,"href":"https:\/\/dri.pwr.edu.pl\/pl\/wp-json\/wp\/v2\/pages\/847\/revisions"}],"predecessor-version":[{"id":1175,"href":"https:\/\/dri.pwr.edu.pl\/pl\/wp-json\/wp\/v2\/pages\/847\/revisions\/1175"}],"wp:attachment":[{"href":"https:\/\/dri.pwr.edu.pl\/pl\/wp-json\/wp\/v2\/media?parent=847"}],"curies":[{"name":"wp","href":"https:\/\/api.w.org\/{rel}","templated":true}]}}