{"id":478,"date":"2015-07-15T23:51:27","date_gmt":"2015-07-15T23:51:27","guid":{"rendered":"http:\/\/dri.pwr.edu.pl\/?page_id=478"},"modified":"2024-10-31T15:32:06","modified_gmt":"2024-10-31T13:32:06","slug":"community","status":"publish","type":"page","link":"https:\/\/dri.pwr.edu.pl\/pl\/community\/","title":{"rendered":"Praca Spo\u0142eczna"},"content":{"rendered":"<h4><strong>POLSKA AKADEMIA NAUK<\/strong><\/h4>\n<h4><b style=\"line-height: 1.714285714; font-size: 1rem;\"><img loading=\"lazy\" decoding=\"async\" class=\"size-full wp-image-75 alignright\" alt=\"PAN\" src=\"http:\/\/dri.pwr.edu.pl\/wp-content\/uploads\/2020\/03\/PAN.png\" width=\"111\" height=\"76\" \/><\/b><\/h4>\n<p><strong>Cz\u0142onek Komitetu Biocybernetyki i In\u017cynierii Biomedycznej Polskiej Akademii Nauk (2020-2023) oraz (2024-2027).<\/strong><\/p>\n<h4><strong>REDAKCJE CZASOPISM<\/strong><\/h4>\n<h4><b style=\"line-height: 1.714285714; font-size: 1rem;\"><img loading=\"lazy\" decoding=\"async\" class=\"size-full wp-image-75 alignright\" alt=\"DSP\" src=\"http:\/\/dri.pwr.edu.pl\/wp-content\/uploads\/2015\/07\/DSP.gif\" width=\"110\" height=\"150\" \/><\/b><\/h4>\n<p><strong>Digital Signal Processing (from 2013 to 2019)<\/a><\/strong><\/p>\n<p>Digital Signal Processing: Recenzowane czasopismo jest jednym z najstarszych i najbardziej uznanych czasopism w dziedzinie przetwarzania sygna\u0142\u00f3w ale mimo to ma za cel by\u0107 najbardziej innowacyjnym. Czasopismo zaprasza najwy\u017cszej jako\u015bci artyku\u0142y naukowe dotycz\u0105ce pionierskich bada\u0144 we wszystkich aspektach przetwarzania sygna\u0142u. Naszym celem jest stworzenie platformy do publikacji prze\u0142omowych bada\u0144 w przetwarzaniu sygna\u0142u o charakterze zar\u00f3wno akademickim jak i przemys\u0142owym.<\/p>\n<h4><b style=\"line-height: 1.714285714; font-size: 1rem;\"><img loading=\"lazy\" decoding=\"async\" class=\"size-full wp-image-75 alignright\" alt=\"Journal of Optometry\" src=\"http:\/\/dri.pwr.edu.pl\/wp-content\/uploads\/2015\/07\/JOO.jpg\" width=\"110\" height=\"150\" \/><\/b><\/h4>\n<p><strong>Journal of Optometry (od 2008)<\/a><\/strong><\/p>\n<p>Journal of Optometrii (J Optom) jest recenzowan\u0105 publikacj\u0105 naukow\u0105 Rady Generalnej optyk\u00f3w hiszpa\u0144skich. Czytelnicy J Optom obejmuj\u0105 optyk\u00f3w, okulist\u00f3w i naukowc\u00f3w z dziedziny optyki widzenia. J Optom zaprasza oryginalne artyku\u0142y i opinie opisuj\u0105ce badania kliniczne i do\u015bwiadczalne w dziedzinie Optometrii, optyki widzenia. Badania na temat narz\u0119dzi i technik, raporty przypadk\u00f3w klinicznych i bada\u0144 laboratoryjnych istotnych klinicznie s\u0105 r\u00f3wnie\u017c mile widziane. J Optom publikuje oryginalne prace, listy naukowe, krytyczne recenzje, artyku\u0142y redakcyjne, listy do redakcji i innych autor\u00f3w. <\/p>\n<h4><b style=\"line-height: 1.714285714; font-size: 1rem;\"><img loading=\"lazy\" decoding=\"async\" class=\"size-full wp-image-75 alignright\" alt=\"IEEE SP\" src=\"http:\/\/dri.pwr.edu.pl\/wp-content\/uploads\/2015\/07\/IEEE-SP.jpg\" width=\"110\" height=\"150\" \/><\/b><\/h4>\n<p><strong>IEEE Transactions on Signal Processing (2016-2019)<\/a><\/strong><\/p>\n<p>IEEE Transactions on Signal Processing obejmuje nowe teorie, algorytmy, analizy wydajno\u015bci i zastosowania technik przetwarzania, rozumienia, uczenia si\u0119, pami\u0119ci masowej, jak i eksploracj\u0119 danych, informacji z sygna\u0142\u00f3w. Termin \"sygna\u0142\" obejmuje, mi\u0119dzy innymi, sygna\u0142y audio, wideo, mowy, obrazu, komunikacji, geofizyczne, sonar, radar, sygna\u0142y medyczne i sygna\u0142y muzyczne. Przyk\u0142ady temat\u00f3w zainteresowania obejmuj\u0105, ale nie ograniczaj\u0105 si\u0119 do przetwarzania informacji i teorii i stosowania filtrowania, kodowania, transmisji, szacowania, wykrywania, analizy, rozpoznawania, syntetyzowania, nagrywania i odtwarzania sygna\u0142\u00f3w.<\/p>\n<h4><strong>INICJATYWY<\/strong><\/h4>\n<h4><b style=\"line-height: 1.714285714; font-size: 1rem;\"><img loading=\"lazy\" decoding=\"async\" class=\"size-full wp-image-75 alignright\" alt=\"Global EdTech Awards\" src=\"http:\/\/dri.pwr.edu.pl\/wp-content\/uploads\/2015\/07\/ED-Tech.png\" width=\"222\" height=\"222\" \/><\/b><\/h4>\n<p><strong>Judging Global Edtech Startups Awards (2014)<\/a><\/strong><\/p>\n<p>Global EdTech Startups Awards jest inicjatyw\u0105 prowadzon\u0105 przez grup\u0119 wybitnych organizacji innowacyjnej edukacji z ca\u0142ego \u015bwiata. Celem konkursu jest wskazanie, podkre\u015blenie i uznanie na \u015bwiecie najbardziej obiecuj\u0105cych startup\u00f3w EdTech, tych, kt\u00f3re przedstawiaj\u0105 potencja\u0142 prze\u0142omowych rozwi\u0105za\u0144 w nauce. Chcemy da\u0107 g\u0142os i przestrze\u0144 ekscytuj\u0105cym, rosn\u0105cym trendom w innowacyjno\u015bci i inwestycji w EdTech, obecnie powstaj\u0105cych w r\u00f3\u017cnych cz\u0119\u015bciach \u015bwiata.<\/p>\n<h4><strong>RECENZJE NAUKOWE (ostatnie 5 lat, w kolejno\u015bci alfabetycznej)<\/strong><\/h4>\n<ul>\n<li> Acta Biomaterialia<\/li>\n<li> Acta Ophthalmologica<\/li>\n<li> American Journal of Ophthalmology<\/li>\n<li> Applied Optics<\/li>\n<li> Biomedical Optics Express<\/li>\n<li> Clinical and Experimental Optometry<\/li>\n<li> Computers in Biology and Medicine<\/li>\n<li> Contact Lens &#038; Anterior Eye<\/li>\n<li> Digital Signal Processing<\/li>\n<li> Eye and Contact Lens<\/li>\n<li> IEEE Transactions on Instrumentation &#038; Measurement<\/li>\n<li> IEEE Transaction on Signal Processing<\/li>\n<li> Investigative Ophthalmology and Visual Science<\/li>\n<li> Journal of Biomedical Optics<\/li>\n<li> Journal of Modern Optics<\/li>\n<li> Journal of Optometry<\/li>\n<li> Journal of the Optical Society of America A<\/li>\n<li> Mathematical Medicine &#038; Biology<\/li>\n<li> Medical Engineering &#038; Physics<\/li>\n<li> Ophthalmic and Physiological Optics<\/li>\n<li> Optical Engineering<\/li>\n<li> Optics Express<\/li>\n<li> Optics Letters<\/li>\n<li> Optometry and Vision Science<\/li>\n<li> PLoS one<\/li>\n<li> Translational Vision Science &#038; Technology<\/li>\n<\/ul>","protected":false},"excerpt":{"rendered":"<p>POLISH ACADEMY OF SCIENCES Member of the Biocybernetics and Biomedical Engineering Committee of the Polish Academy of Sciences (2020-2023) &#038; (2024-2027). EDITORIAL BOARDS Digital Signal Processing (from 2013 to 2019) Digital Signal Processing: a Review Journal is one of the oldest and most established journals in the field of signal processing yet it aims to &hellip;<\/p>\n<p class=\"read-more\"> <a class=\"\" href=\"https:\/\/dri.pwr.edu.pl\/pl\/community\/\"> <span class=\"screen-reader-text\">Praca Spo\u0142eczna<\/span> Read More &raquo;<\/a><\/p>","protected":false},"author":1,"featured_media":0,"parent":0,"menu_order":0,"comment_status":"closed","ping_status":"closed","template":"","meta":{"footnotes":""},"class_list":["post-478","page","type-page","status-publish","hentry"],"aioseo_notices":[],"_links":{"self":[{"href":"https:\/\/dri.pwr.edu.pl\/pl\/wp-json\/wp\/v2\/pages\/478","targetHints":{"allow":["GET"]}}],"collection":[{"href":"https:\/\/dri.pwr.edu.pl\/pl\/wp-json\/wp\/v2\/pages"}],"about":[{"href":"https:\/\/dri.pwr.edu.pl\/pl\/wp-json\/wp\/v2\/types\/page"}],"author":[{"embeddable":true,"href":"https:\/\/dri.pwr.edu.pl\/pl\/wp-json\/wp\/v2\/users\/1"}],"replies":[{"embeddable":true,"href":"https:\/\/dri.pwr.edu.pl\/pl\/wp-json\/wp\/v2\/comments?post=478"}],"version-history":[{"count":41,"href":"https:\/\/dri.pwr.edu.pl\/pl\/wp-json\/wp\/v2\/pages\/478\/revisions"}],"predecessor-version":[{"id":1266,"href":"https:\/\/dri.pwr.edu.pl\/pl\/wp-json\/wp\/v2\/pages\/478\/revisions\/1266"}],"wp:attachment":[{"href":"https:\/\/dri.pwr.edu.pl\/pl\/wp-json\/wp\/v2\/media?parent=478"}],"curies":[{"name":"wp","href":"https:\/\/api.w.org\/{rel}","templated":true}]}}