{"id":413,"date":"2013-09-05T21:41:18","date_gmt":"2013-09-05T21:41:18","guid":{"rendered":"http:\/\/dri.pwr.edu.pl\/?page_id=228"},"modified":"2022-08-31T14:22:04","modified_gmt":"2022-08-31T12:22:04","slug":"edu-index-2-2","status":"publish","type":"page","link":"https:\/\/dri.pwr.edu.pl\/pl\/edu-index-2-2\/","title":{"rendered":"Indeks EDU"},"content":{"rendered":"<p class=\"translation-block\"><\/a>Jakie jest najwy\u017csze wyr\u00f3\u017cnienie, do kt\u00f3rego nauczyciel akademicki mo\u017ce aspirowa\u0107? Istnieje kilka nagr\u00f3d na poziomie kraju, na przyk\u0142ad, Australijski Nauczyciel Akademicki Roku ustanowiony przez Australian Learning and Teaching Council. S\u0105 te\u017c mniejszej rangi nagrody, na przyk\u0142ad na poziome uczelni, kt\u00f3re pr\u00f3buj\u0105 rozwi\u0105za\u0107 problem niewystarczaj\u0105cego uznania doskona\u0142o\u015bci w nauczaniu akademickim. Dla wi\u0119kszo\u015bci nauczycieli, wychowawc\u00f3w i opiekun\u00f3w, nie jest ich szczeg\u00f3ln\u0105 ambicj\u0105 osi\u0105ganie zaszczyt\u00f3w, nagr\u00f3d czy pochwa\u0142. Ich wysi\u0142ki, kt\u00f3re id\u0105 w parze z ich pasjami s\u0105 skierowane na edukacj\u0119 i nauczanie nowych pokole\u0144 specjalist\u00f3w. <a href=\"http:\/\/ieeexplore.ieee.org\/xpls\/abs_all.jsp?arnumber=6582698\">Wi\u0119cej ...<\/a><a href=\"http:\/\/ieeexplore.ieee.org\/xpl\/login.jsp?tp=&amp;arnumber=6582698&amp;url=httpieeexplore.ieee.orgxplsabs_all.jsparnumber6582698\">\n<\/a><\/p>","protected":false},"excerpt":{"rendered":"<p>What is the highest accolade for which a university teacher can aspire? There are few national level awards, such as the Australian University Teacher of the Year run by the Australian Learning and Teaching Council, and many local university-based schemes that try to address the inadequate recognition of excellence in university teaching. For most teachers, &hellip;<\/p>\n<p class=\"read-more\"> <a class=\"\" href=\"https:\/\/dri.pwr.edu.pl\/pl\/edu-index-2-2\/\"> <span class=\"screen-reader-text\">Indeks EDU<\/span> Read More &raquo;<\/a><\/p>","protected":false},"author":1,"featured_media":0,"parent":0,"menu_order":0,"comment_status":"closed","ping_status":"closed","template":"","meta":{"footnotes":""},"class_list":["post-413","page","type-page","status-publish","hentry"],"aioseo_notices":[],"_links":{"self":[{"href":"https:\/\/dri.pwr.edu.pl\/pl\/wp-json\/wp\/v2\/pages\/413","targetHints":{"allow":["GET"]}}],"collection":[{"href":"https:\/\/dri.pwr.edu.pl\/pl\/wp-json\/wp\/v2\/pages"}],"about":[{"href":"https:\/\/dri.pwr.edu.pl\/pl\/wp-json\/wp\/v2\/types\/page"}],"author":[{"embeddable":true,"href":"https:\/\/dri.pwr.edu.pl\/pl\/wp-json\/wp\/v2\/users\/1"}],"replies":[{"embeddable":true,"href":"https:\/\/dri.pwr.edu.pl\/pl\/wp-json\/wp\/v2\/comments?post=413"}],"version-history":[{"count":3,"href":"https:\/\/dri.pwr.edu.pl\/pl\/wp-json\/wp\/v2\/pages\/413\/revisions"}],"predecessor-version":[{"id":1167,"href":"https:\/\/dri.pwr.edu.pl\/pl\/wp-json\/wp\/v2\/pages\/413\/revisions\/1167"}],"wp:attachment":[{"href":"https:\/\/dri.pwr.edu.pl\/pl\/wp-json\/wp\/v2\/media?parent=413"}],"curies":[{"name":"wp","href":"https:\/\/api.w.org\/{rel}","templated":true}]}}