{"id":411,"date":"2013-08-02T15:45:37","date_gmt":"2013-08-02T15:45:37","guid":{"rendered":"http:\/\/dri.pwr.edu.pl\/?page_id=155"},"modified":"2025-01-07T21:35:05","modified_gmt":"2025-01-07T19:35:05","slug":"postgraduates-2-2","status":"publish","type":"page","link":"https:\/\/dri.pwr.edu.pl\/pl\/postgraduates-2-2\/","title":{"rendered":"Doktoranci"},"content":{"rendered":"<h3>OBECNI DOKTORANCI<\/h3>\n<p><a href=\"http:\/\/dri.pwr.edu.pl\/wp-content\/uploads\/2022\/12\/mm2.jpg\"><img loading=\"lazy\" decoding=\"async\" class=\"alignleft wp-image-1202 size-full\" src=\"http:\/\/dri.pwr.edu.pl\/wp-content\/uploads\/2022\/12\/mm2.jpg\" alt=\"\" width=\"130\" height=\"188\" srcset=\"https:\/\/dri.pwr.edu.pl\/wp-content\/uploads\/2022\/12\/mm2.jpg 130w, https:\/\/dri.pwr.edu.pl\/wp-content\/uploads\/2022\/12\/mm2-8x12.jpg 8w\" sizes=\"auto, (max-width: 130px) 100vw, 130px\" \/><\/a><\/p>\n<p>Maria Miazdzyk &#8211; graduated her Bachelor and Masters degrees in Biomedical Engineering at Wroclaw University of Science and Technology.<\/p>\n<h4><\/h4>\n<p><a href=\"http:\/\/dri.pwr.edu.pl\/wp-content\/uploads\/2022\/03\/of.png\"><img loading=\"lazy\" decoding=\"async\" class=\"size-full wp-image-23 alignleft\" src=\"http:\/\/dri.pwr.edu.pl\/wp-content\/uploads\/2022\/03\/of.png\" alt=\"aw\" width=\"130\" height=\"130\" \/><\/a><\/p>\n<p>Aleksandra Fojcik - jest absolwentk\u0105 In\u017cynierii Biomedycznej oraz Optometrii na Politechnice Wroc\u0142awskiej.<\/p>\n<h4><\/h4>\n<p><a href=\"http:\/\/dri.pwr.edu.pl\/wp-content\/uploads\/2022\/10\/ok.png\"><img loading=\"lazy\" decoding=\"async\" class=\"alignleft size-full wp-image-1194\" src=\"http:\/\/dri.pwr.edu.pl\/wp-content\/uploads\/2024\/04\/ok.png\" alt=\"\" width=\"130\" height=\"188\" \/><\/a><\/p>\n<p>Aleksandra Ko\u015bci\u00f3\u0142ek - jest absolwentk\u0105 In\u017cynierii Biomedycznej oraz Optometrii na Politechnice Wroc\u0142awskiej.<\/p>\n<h4><\/h4>\n<h3>ZAKO\u0143CZONE PRACE DOKTORSKIE<\/h3>\n<ol>\n<li><strong>Dr. Hwa-Tung Ong<\/strong>, 2000; Bootstrap methods for signal detection<\/li>\n<li><strong>Dr. Christopher Brown<\/strong>, 2000; Goodness-of-fit and detection problems in impulsive interference<\/li>\n<li><strong>Dr. Matthew Green<\/strong>, 2002; Identification of time-varying nonlinear systems<\/li>\n<li><strong>Dr. George J. Mamic<\/strong>, 2003; Representation and recognition of 3-D free-form objects incorporating statistical technique<\/li>\n<li><strong>Dr. Ramon Brcich<\/strong>, 2003; Some aspects of signal processing in heavy tailed noise<\/li>\n<li><strong>Dr. Mingxia Zhu<\/strong>, 2005; Microfluctuations of wavefront aberrations of the eye<\/li>\n<li><strong>Dr. David Alonso Caneiro<\/strong><\/a>, 2010; Non-invasive assessment of tear film surface quality<\/li>\n<li><strong>Dr. Fan Yi<\/strong><\/a>, 2011; Aberrations and depth of focus of the human eye<\/li>\n<li class=\"translation-block\">&gt;<strong>Dr Monika Danielewska<\/strong> (habilitacja w 2021), 2013; Pomiar i analiza sygna\u0142\u00f3w t\u0119tna ga\u0142kowego i ich zale\u017cno\u015bci od aktywno\u015bci sercowo-naczyniowej<\/li>\n<li><strong>Dr. Danilo A. Jesus<\/strong><\/a>, 2017; Anatomical and structural changes of anterior eye with age<\/li>\n<li class=\"translation-block\"><strong>Dr Aleksandra Melinska<\/strong>, 2017; Statystyczne, anatomiczne modelowanie kszta\u0142tu ko\u015bci st\u0119pu<\/li>\n<li class=\"translation-block\"><strong>Dr Marta Rogowska<\/strong>, 2017; Pomiar i analiza w\u0142a\u015bciwo\u015bci biomechanicznych rog\u00f3wki oka i ich zale\u017cno\u015bci od wieku<\/li>\n<li><strong>Dr. Alejandra Consejo<\/strong><\/a>, 2017; The anterior eye surface: age, accommodation and contact lens wear<\/li>\n<li><strong>Dr. Ana Belen Castano Fernandez<\/strong>, 2017; Some mathematical problems from the biomedical optics and ophthalmology<\/li>\n<li class=\"translation-block\"><strong>Dr Alicja Wizert<\/strong>, 2018; Modelowanie molekularne i analiza struktury filmu \u0142zowego<\/li>\n<li><strong>Dr. Clara Llorens-Quintana<\/strong>, 2019; Methods for non-invasive measurement and analysis of tear film quality<\/li>\n<li><strong>Dr. Izabela Garaszczuk<\/strong>, 2019; Development of objective non-invasive techniques for the assessment of the ocular surface and tear film dynamics acting as biomarkers for early diagnosis of dry eye disease<\/li>\n<li><strong>Dr. Maryam Mousavi<\/strong>, 2019; The impact of long-term wear of modern daily disposable contact lenses on ocular physiology<\/li>\n<li><strong>Dr. Laura Rico del Viejo<\/strong>, 2019; Infrared imaging of the Meibomian gland structure<\/li>\n<li class=\"translation-block\"><strong>Dr Mateusz Popek<\/strong>, 2019; Rozw\u00f3j technik uwydatniania sfilmowanego ruchu do zastosowa\u0144 biomedycznych<\/li>\n<li class=\"translation-block\"><strong>Dr Piotr Szyperski<\/strong>, 2020; Metody diagnostyczne oparte na analizie obraz\u00f3w interferencyjnych<\/li>\n<li><strong>Dr. Maciej Bartuzel<\/strong>, 2021; Optical methods for investigating aspects of the human eye dynamics<\/li>\n<li><strong>Dr. Dominika Sulot<\/strong>, 2022; Development of machine learning algorithms operating on small datasets to assist in the diagnosis of eye diseases<\/li>\n<li><strong>Dr. Marcela Niemczyk<\/strong>, 2022; Statistical modelling of corneal OCT speckle<\/li>\n<\/ol>\n<h3>Recenzje Profesur<\/h3>\n<ol>\n<li><strong>Pawe\u0142 Badura<\/strong>, 2024, Politechnika \u015al\u0105ska<\/li>\n<\/ol>\n<h3>Recenzje Habilitacji<\/h3>\n<ol>\n<li class=\"translation-block\"><strong>Mariusz Kaczmarek<\/strong>, 2017, Politechnika Gda\u0144ska<\/li>\n<li class=\"translation-block\"><strong>Pawe\u0142 Kostka<\/strong>, 2017, IBIB, Polska Akademia Nauk, Warszawa<\/li>\n<li><strong>Wesam Bachir<\/strong>, 2023, Politechnika Warszawska <\/li>\n<\/ol>\n<h3>Recenzje Doktorat\u00f3w<\/h3>\n<ol>\n<li class=\"translation-block\"><strong>Weaam Alkhaldi<\/strong>, 2010, Technische Universitat Darmstadt, Niemcy<\/li>\n<li class=\"translation-block\"><strong>Conor Leahy<\/strong>, 2010, National University of Ireland Galway, Irlandia<\/li>\n<li class=\"translation-block\"><strong>Vinod Maseedupally<\/strong>, 2013, University of New South Wales, Australia<\/li>\n<li class=\"translation-block\"><strong>Zbigniew Kulas<\/strong>, 2013, Politechnika Wroc\u0142awska<\/li>\n<li class=\"translation-block\"><strong>Juan Pablo Trevino Gutierrez<\/strong>, 2014, Instituto Nacional de Astrofisica, Meksyk<\/li>\n<li class=\"translation-block\"><strong>Daniel Rumi\u0144ski<\/strong>, 2015, Uniwersytet Miko\u0142aja Kopernika w Toruniu<\/li>\n<li class=\"translation-block\"><strong>Karol Kakarenko<\/strong>, 2016, Politechnika Warszawska<\/li>\n<li class=\"translation-block\"><strong>Wojciech Gryncewicz<\/strong>, 2017, IBIB, Polska Akademia Nauk, Warszawa<\/li>\n<li class=\"translation-block\"><strong>Jakub Leszek Pach<\/strong>, 2018, Politechnika Warszawska<\/li>\n<li class=\"translation-block\"><strong>Tim Sch\u00e4ck<\/strong>, 2019, Technische Universitat Darmstadt, Niemcy<\/li>\n<li class=\"translation-block\"><strong>Piotr Wargocki<\/strong>, 2019, Macquarie University, Australia<\/li>\n<li class=\"translation-block\"><strong>Francesco Menduni<\/strong>, 2019, Aston University, Wielka Brytania<\/li>\n<li class=\"translation-block\"><strong>Maciej Perdziak<\/strong>, 2019, IBIB, Polska Akademia Nauk, Warszawa<\/li>\n<li class=\"translation-block\"><strong>Alfonso Jimenez-Villar<\/strong>, 2022, Uniwersytet Miko\u0142aja Kopernika w Toruniu<\/li>\n<li><strong>Konrad Duraj<\/strong>, 2023, Politechnika \u015al\u0105ska<\/li>\n<li><strong>Anna Guan<\/strong>, 2024, Edith Cowan University, Australia<\/li>\n<li><strong>Agata Sage<\/strong>, 2024, Politechnika \u015al\u0105ska<\/li>\n<li><strong>Arezoo Farzanfar<\/strong>, 2024, Uniwersytet Antwerpski, Belgia<\/li>\n<\/ol>","protected":false},"excerpt":{"rendered":"<p>CURRENT PHD STUDENTS Maria Miazdzyk &#8211; graduated her Bachelor and Masters degrees in Biomedical Engineering at Wroclaw University of Science and Technology. Aleksandra Fojcik &#8211; graduated her Bachelor degree in Biomedical Engineering and Masters degree in Optometry, both at Wroclaw University of Science and Technology. Aleksandra Kosciolek &#8211; graduated her Bachelor degree in Biomedical Engineering &hellip;<\/p>\n<p class=\"read-more\"> <a class=\"\" href=\"https:\/\/dri.pwr.edu.pl\/pl\/postgraduates-2-2\/\"> <span class=\"screen-reader-text\">Doktoranci<\/span> Read More &raquo;<\/a><\/p>","protected":false},"author":1,"featured_media":0,"parent":0,"menu_order":0,"comment_status":"closed","ping_status":"closed","template":"","meta":{"footnotes":""},"class_list":["post-411","page","type-page","status-publish","hentry"],"aioseo_notices":[],"_links":{"self":[{"href":"https:\/\/dri.pwr.edu.pl\/pl\/wp-json\/wp\/v2\/pages\/411","targetHints":{"allow":["GET"]}}],"collection":[{"href":"https:\/\/dri.pwr.edu.pl\/pl\/wp-json\/wp\/v2\/pages"}],"about":[{"href":"https:\/\/dri.pwr.edu.pl\/pl\/wp-json\/wp\/v2\/types\/page"}],"author":[{"embeddable":true,"href":"https:\/\/dri.pwr.edu.pl\/pl\/wp-json\/wp\/v2\/users\/1"}],"replies":[{"embeddable":true,"href":"https:\/\/dri.pwr.edu.pl\/pl\/wp-json\/wp\/v2\/comments?post=411"}],"version-history":[{"count":109,"href":"https:\/\/dri.pwr.edu.pl\/pl\/wp-json\/wp\/v2\/pages\/411\/revisions"}],"predecessor-version":[{"id":1268,"href":"https:\/\/dri.pwr.edu.pl\/pl\/wp-json\/wp\/v2\/pages\/411\/revisions\/1268"}],"wp:attachment":[{"href":"https:\/\/dri.pwr.edu.pl\/pl\/wp-json\/wp\/v2\/media?parent=411"}],"curies":[{"name":"wp","href":"https:\/\/api.w.org\/{rel}","templated":true}]}}