{"id":410,"date":"2013-08-02T08:34:58","date_gmt":"2013-08-02T08:34:58","guid":{"rendered":"http:\/\/dri.pwr.edu.pl\/?page_id=143"},"modified":"2026-01-08T17:48:31","modified_gmt":"2026-01-08T15:48:31","slug":"past-master-and-bachelor-theses","status":"publish","type":"page","link":"https:\/\/dri.pwr.edu.pl\/pl\/past-master-and-bachelor-theses\/","title":{"rendered":"Przesz\u0142e Prace Dyplomowe i Magisterskie"},"content":{"rendered":"<h2>2024\/2025<\/h2>\n<h4><span>Prace magisterskie:<\/span><\/h4>\n<ol>\n<li>Paulina Niewiadomska, \u201cOdporne modelowanie zmieniaj\u0105cych si\u0119 w czasie zmian w makro- i mikrostrukturze rog\u00f3wki in vivo.\u201d<\/li>\n<li>Aleksandra Skrzat, \u201cBadanie wp\u0142ywu umiejscowienia g\u0142owy na zgodno\u015b\u0107 instrument\u00f3w mierz\u0105cych parametry powierzchni rog\u00f3wki.\u201d<\/li>\n<\/ol>\n<h2>2023\/2024<\/h2>\n<h4><span>Prace dyplomowe:<\/span><\/h4>\n<ol>\n<li>Anna Borowa, \"Zbadanie efektywno\u015bci algorytm\u00f3w rejestracji obraz\u00f3w OCT w zastosowaniach okulistycznych.\"<\/li>\n<li>Ma\u0142gorzata Kufel, \"Ocena skuteczno\u015bci parametr\u00f3w statystycznych szumu plamkowego w segmentacji warstw siatk\u00f3wki w obrazach OCT.\"<\/li>\n<li>Joanna Rosicka, \"Analiza szumu plamkowego nab\u0142onka i zr\u0119bu rog\u00f3wki w obrazach OCT rog\u00f3wki u pacjent\u00f3w z cukrzyc\u0105.\"<\/li>\n<li>Marcel Sobecki, \"Szum plamkowy w obrazach OCT jako potencjalny biomarker stanu zdrowia rog\u00f3wki\nu\u017cytkownik\u00f3w soczewek kontaktowych.\"<\/li>\n<\/ol>\n<h2>2022\/2023<\/h2>\n<h4>Prace magisterskie:<\/h4>\n<ol>\n<li>Natalia Chrzanowska, \u201cOcena zmian ci\u015bnienia wewn\u0105trzga\u0142kowego podczas ekstremalnej aktywno\u015bci fizycznej (test Burpee).\"<\/li>\n<li>Micha\u0142 Gardecki, \"Badanie zgodno\u015bci biometr\u00f3w okulistycznych w aspekcie korekcji kr\u00f3tkowzroczno\u015bci.\"<\/li>\n<li>Ma\u0142gorzata Jeziorek, \"Badanie mo\u017cliwo\u015bci wykorzystania szumu plamkowego w obrazach OCT nab\u0142onka rog\u00f3wki do oceny zdrowia przedniego odcinka oka, poprzez opracowanie odpornych metod segmentacji obrazu.\"<\/li>\n<li>Monika Marcinkowska, \"Zmiany dobowe w szumie plamkowym w obrazach OCT rog\u00f3wki \u2013 poszukiwanie dowod\u00f3w na rytm dobowy w organizacji mikrostruktury rog\u00f3wki.\"<\/li>\n<li>Malwina Terlecka, \"Wp\u0142yw koloru t\u0119cz\u00f3wki na parametry szumu plamkowego w obrazach OCT oraz parametry rozpraszania \u015bwiat\u0142a w obrazach Scheimpfluga przedniego odcinka oka.\"<\/li>\n<\/ol>\n<h2>2021\/2022<\/h2>\n<h4>Prace magisterskie:<\/h4>\n<ol>\n<li>Izabela Kami\u0144ska, \"Badanie wra\u017cliwo\u015bci parametr\u00f3w geometrycznych oraz statystycznych estymowanych z obraz\u00f3w OCT rog\u00f3wki na warunki brzegowe.\"<\/li>\n<li>Weronika Langer, \"Zbadanie potencjalnej kompensacyjnej roli soczewki ocznej w astygmatyzmie rog\u00f3wkowym.\"<\/li>\n<\/ol>\n<h4><span>Prace dyplomowe:<\/span><\/h4>\n<ol>\n<li>Michal Gardecki, \"Badanie wp\u0142ywu wyg\u0142adzania si\u0119 filmu \u0142zowego po mrugni\u0119ciu na parametry szumu plamkowego w obrazach OCT rog\u00f3wki.\"<\/li>\n<li>Monika Marcinkowska, \"Wp\u0142yw rytmu dobowego i czynnik\u00f3w \u015brodowiskowych na biomarkery sk\u00f3ry i powierzchni oka w atopowym zapaleniu sk\u00f3ry. Studium przypadku.\"<\/li>\n<li>Grzegorz Stafa\u0144ski, \"Poprawa jako\u015bci klasyfikacji obraz\u00f3w biomedycznych z wykorzystaniem generatywnych sieci kontradyktoryjnych (GAN) dla ma\u0142ych zbior\u00f3w danych.\"<\/li>\n<li>Malwina Terlecka, \"Badanie zgodno\u015bci instrument\u00f3w do pomiaru przedniej powierzchni rog\u00f3wki.\"<\/li>\n<\/ol>\n<h2>2020\/2021<\/h2>\n<h4>Prace magisterskie:<\/h4>\n<ol>\n<li>Karolina Buslowicz, \"Zbadanie powtarzalno\u015bci oraz wiarogodno\u015bci estymator\u00f3w parametr\u00f3w strukturalnych rog\u00f3wki.\"<\/li>\n<li>Anastazja Kurek, \"Por\u00f3wnanie populacyjnych parametr\u00f3w rozpraszania wstecznego do parametr\u00f3w szumu plamkowego w obrazowaniu rog\u00f3wki.\"<\/li>\n<\/ol>\n<h2>2019\/2020<\/h2>\n<h4>Prace magisterskie:<\/h4>\n<ol>\n<li>Aleksandra Fojcik, \"Badanie rozk\u0142adu parametr\u00f3w strukturalnych ga\u0142ki ocznej za pomoc\u0105 po\u015brednich metod obrazowania.\"<\/li>\n<li>Natalia Folty\u0144ska, \"Badanie parametr\u00f3w biomechanicznych okolic oko\u0142or\u0105bkowych oka w zale\u017cno\u015bci od wieku.\"<\/li>\n<li>Karolina G\u0142awdecka, \"Badanie parametr\u00f3w biomechanicznych rog\u00f3wek astygmatycznych za pomoc\u0105 po\u015brednich metod obrazowania.\"<\/li>\n<li>Aleksandra Kolbus, \"Po\u015brednie badanie parametr\u00f3w biomechanicznych rog\u00f3wki w zale\u017cno\u015bci od wieku.\"<\/li>\n<li>Karolina Koszmider, \"Analiza poprawno\u015bci dopasowania soczewek kontaktowych i przebiegu wizyty u specjalisty.\"<\/li>\n<li>Aleksandra Ko\u015bci\u00f3\u0142ek, \"Badanie parametr\u00f3w strukturalnych okolic oko\u0142or\u0105bkowych oka za pomoc\u0105 po\u015brednich metod obrazowania typu Scheimpflug oraz optycznej tomografii koherencyjnej.\"<\/li>\n<li>Maria Mia\u017cd\u017cyk, \"Po\u015brednia estymacja parametr\u00f3w biomechanicznych rog\u00f3wki z szeregu obraz\u00f3w rejestrowanych za pomoc\u0105 kamery Scheimpfluga.\"<\/li>\n<li>Nina Nowi\u0144ska, \"Badanie wp\u0142ywu \u015brednicy rog\u00f3wki na wysoko\u015b\u0107 strza\u0142kow\u0105 oka i dopasowanie mi\u0119kkich soczewek kontaktowych.\"<\/li>\n<li>Kinga Zabawka, \"Analiza korekcji aberracji wy\u017cszych rz\u0119d\u00f3w wybranymi soczewkami kontaktowymi.\"<\/li>\n<li>Julia Zajda, \"Zbadanie stopnia odwodnienia soczewek kontaktowych podczas ich noszenia za pomoc\u0105 optycznej koherentnej tomografii.\"<\/li>\n<\/ol>\n<h4><span>Prace dyplomowe:<\/span><\/h4>\n<ol>\n<li>Paula Kotyra, \"Zbadanie wp\u0142ywu makija\u017cu rz\u0119s na wyniki analizy jako\u015bci powierzchni filmu \u0142zowego.\"<\/li>\n<li>Anastazja Kurek, \"Badanie kr\u00f3tkotrwa\u0142ego wzrostu ci\u015bnienia wewn\u0105trzga\u0142kowego na parametry morfologii siatk\u00f3wki.\"<\/li>\n<li>Martyna Mospan, \"Badanie parametr\u00f3w statystycznych i teksturalnych obraz\u00f3w OCT rog\u00f3wki.\"<\/li>\n<li>Karolina Szyma\u0144ska, \"Badanie zale\u017cno\u015bci geometrii siatk\u00f3wki od refrakcji oraz ci\u015bnienia wewn\u0105trzga\u0142kowego.\"<\/li>\n<\/ol>\n<h2>2018\/2019<\/h2>\n<h4>Prace magisterskie:<\/h4>\n<ol>\n<li>Magda Bury, \"Pomiar krzywizny zewn\u0119trznej powierzchni oka w celu zaprojekotwania modelu soczewki kontaktowej wykonanej w technologii stereolitografii.\"<\/li>\n<li>Micha\u0142 Bury, \"Weryfikacja koncepcji technologii stereolitografii do wytwarzania soczewek kontaktowych.\"<\/li>\n<li>Magdalena Kozdra\u015b, \"Metody bootstrap w procesach liniowych ci\u0119\u017ckoogonowych.\"<\/li>\n<li>Laura Prystrom, \"Wp\u0142yw dynamicznych i izometrycznych \u0107wicze\u0144 fizycznych na zmiany ci\u015bnienia wewn\u0105trz ga\u0142kowego u os\u00f3b systematycznie uprawiaj\u0105cych sport.\"<\/li>\n<\/ol>\n<h4><span>Prace dyplomowe:<\/span><\/h4>\n<ol>\n<li>J\u0119drzej Arciszewski, \"Oszacowywanie tr\u00f3jwymiarowej morfologii szczeliny powiekowej.\"<\/li>\n<li>Pawe\u0142 Bratek, \"Analiza przypadku chirurgii refrakcyjnej polegaj\u0105cej na ekstrakcji zdrowej soczewki ocznej.\"<\/li>\n<li>Natalia Folty\u0144ska, \"Badanie zale\u017cno\u015bci parametr\u00f3w geometrycznych ga\u0142ki ocznej od refrakcji.\"<\/li>\n<li>Karolina G\u0142awdecka, \"Badanie zmian szumu plamkowego w dynamicznych obrazach rog\u00f3wki podczas pomiaru cisnienia wewn\u0105trzga\u0142kowego.\"<\/li>\n<li>Aleksandra Kolbus, \"Morfologia uj\u015bcia nerwu wzrokowego w wysokiej kr\u00f3tkowzrocznosci.\"<\/li>\n<li>Aleksandra Ko\u015bci\u00f3\u0142ek, \"Badania szumu plamkowego w obrazach tomograficznych rog\u00f3wki.\"<\/li>\n<li>Marcela Niemczyk, \"Estymacja modelu za pomoc\u0105 metody bootstrap w przetwarzaniu sygna\u0142\u00f3w biomedycznych.\"<\/li>\n<li>Izabela Retka, \"Zagadnienia obrazowania t\u0119cz\u00f3wki oka ludzkiego za pomoc\u0105 aparat\u00f3w fotograficznych r\u00f3\u017cnego typu.\"<\/li>\n<li>Kamila Serkowska, \"Wp\u0142yw grania na instrumentach d\u0119tych na zmiany ci\u015bnienia \u015br\u00f3dga\u0142kowego.\"<\/li>\n<\/ol>\n<h2>2017\/2018<\/h2>\n<h4>Prace magisterskie:<\/h4>\n<ol>\n<li>Ma\u0142gorzata Socha, \"Badanie odpowiedzi rog\u00f3wki w testach picia wody.\"<\/li>\n<\/ol>\n<h2>2016\/2017<\/h2>\n<h4>Prace magisterskie:<\/h4>\n<ol>\n<li>Krystian Janisz, \"Estymacja parametr\u00f3w aktywno\u015bci serca z sygna\u0142u pulsu ocznego rejestrowanego za pomoc\u0105 specjalnie skonstruowanej soczewki kontaktowej.\"<\/li>\n<li>Anna Kubiak, \"Badanie wp\u0142ywu zak\u0142\u00f3ce\u0144 zewn\u0119trznych na pomiar wzd\u0142u\u017cnego ruchu rog\u00f3wki oka w badaniach ci\u015bnienia wewn\u0105trzga\u0142kowego.\"<\/li>\n<li>Ma\u0142gorzata Majewska, \"Badanie parametr\u00f3w geometrycznych i mechanicznych ga\u0142ki ocznej w kontek\u015bcie zmian zachodz\u0105cych wraz z wiekiem i jaskr\u0105.\"<\/li>\n<li>Natalia Najechalska, \"Wp\u0142yw akomodacji na pulsowanie oka u os\u00f3b normalnowzrocznych oraz kr\u00f3tkowzrocznych.\"<\/li>\n<li>Patrycja Zwolenik, \"Badania jako\u015bci filmu \u0142zowego i jego zwi\u0105zku z pozycj\u0105 soczewki wzgl\u0119dem r\u0105bka rog\u00f3wki.\"<\/li>\n<\/ol>\n<h2>2015\/2016<\/h2>\n<h4><span>Prace magisterskie:<\/span><\/h4>\n<ol>\n<li>Aleksandra Ciszewska, \"Badanie post\u0119puj\u0105cych zmian w geometrii uj\u015bcia nerwu wzrokowego u pacjent\u00f3w z jaskr\u0105.\"<\/li>\n<li>Karolina Janiec, \"Badanie post\u0119puj\u0105cych zmian w geometrii blaszki sitowej u pacjent\u00f3w z jaskr\u0105.\"<\/li>\n<li>Renata K\u0119dzia, \"Analiza korelacyjna parametr\u00f3w ga\u0142ki oka emetropowego w kontek\u015bcie pomiar\u00f3w ci\u015bnienia wewn\u0105trzga\u0142kowego.\"<\/li>\n<li>Natalia \u0141ycho\u0144ska, \"Wp\u0142yw metody leczenia amblopii w wieku dzieci\u0119cym na wzrok u os\u00f3b starszych.\"<\/li>\n<li>Joanna Misiewicz, \"Ocena dopasowania soczewek kontaktowych u regularnych u\u017cytkownik\u00f3w w populacji os\u00f3b m\u0142odych.\"<\/li>\n<li>Ewa Pora\u0144ska, \"Ocena jako\u015bci filmu \u0142zowego u regularnych u\u017cytkownik\u00f3w soczewek kontaktowych w populacji os\u00f3b m\u0142odych.\"<\/li>\n<li>Monika Sikora, \"Testowanie stacjonarno\u015bci sygna\u0142u w dziedzinie czasu i cz\u0119stotliwo\u015bci.\"<\/li>\n<\/ol>\n<h4><span>Prace dyplomowe:<\/span><\/h4>\n<ol>\n<li>Marek Krawczyk,\"Badanie filtr\u00f3w zachowuj\u0105cych informacje o kraw\u0119dziach obrazu w kontek\u015bcie analizy warstw siatk\u00f3wki w badaniach za pomoc\u0105 optycznej tomografii koherencyjnej.\"<\/li>\n<li>Ma\u0142gorzata Majewska, \"Badanie wp\u0142ywu urz\u0105dzenia pomiarowego przedniej powierzchni oka na automatyczny (softwareowy) dob\u00f3r soczewki kontaktowej.\"<\/li>\n<\/ol>\n<h2>2014\/2015<\/h2>\n<h4><span>Prace magisterskie:<\/span><\/h4>\n<ol>\n<li>Magdalena Dubniewska, \"Wp\u0142yw akomodacji w badaniach ostro\u015bci wzroku z wykorzystaniem optotyp\u00f3w o sta\u0142ej wielko\u015bci k\u0105towej.\"<\/li>\n<li>Joanna Dyjak, \"Badania metody sklejania estymat topografii rog\u00f3wki z wielokrotnych pomiar\u00f3w wykonywanych za pomoc\u0105 wideokeratoskopu oraz profilometru.\"<\/li>\n<li class=\"translation-block\">Izabela Garaszczuk,\"Pomiar wymiany filmu \u0142zowego za pomoc\u0105 profilometru fluoresceinowego i optycznej koherentnej tomografii.\" [<a href=\"http:\/\/coopervision-force.com\/coopervision-awards-2016-force-student-of-the-year\/\" target=\"_blank\" rel=\"noopener\">LAUREATKA, Wi\u0119cej ...<\/a>]<\/li>\n<li>Marta G\u00f3ra, \"Badanie prawid\u0142owego dopasowania soczewek kontaktowych u regularnych u\u017cytkownik\u00f3w w populacji os\u00f3b m\u0142odych.\"<\/li>\n<li>Ma\u0142gorzata Stupak, \"Ocena jako\u015bci filmu \u0142zowego u regularnych u\u017cytkownik\u00f3w soczewek kontaktowych w populacji os\u00f3b m\u0142odych.\"<\/li>\n<li>Krystyna Tomczak, \"Badanie w\u0142a\u015bciwo\u015bci filtr\u00f3w oraz algorytm\u00f3w przetwarzania obraz\u00f3w opartych na zasadzie zachowania kraw\u0119dzi w koherentnej tomografii optycznej.\"<\/li>\n<\/ol>\n<h4><span>Prace dyplomowe:<\/span><\/h4>\n<ol>\n<li>Hanna Nowicka,\"Potencjalny efekt drga\u0144 wzd\u0142u\u017cnych w ludzkim oku.\"<\/li>\n<\/ol>\n<h2>2013\/2014<\/h2>\n<h4><span>Praca magisterska:<\/span><\/h4>\n<ol>\n<li>Katarzyna Piechota,\"Metody przetwarzania tr\u00f3jwymiarowych obraz\u00f3w optycznej tomografii koherentnej do oszacowania kszta\u0142tu blaszki sitowej tward\u00f3wkowej.\"<\/li>\n<\/ol>\n<h4><span>Prace dyplomowe:<\/span><\/h4>\n<ol>\n<li>Emilia Borczyk,\"Aplikacja zasady Scheiner\u2019a w projektowaniu soczewek bifokalnych.\"<\/li>\n<li>Aleksandra Czuba, \"Zastosowanie modelu plastra miodu w projektowaniu soczewek bifokalnych.\"<\/li>\n<li>Renata K\u0119dzia, \"Grubo\u015b\u0107 naczyni\u00f3wki w wysokiej kr\u00f3tkowzroczno\u015bci w badaniach tomograficznych.\" <\/li>\n<li>Krystyna Tomczak, \"Estymacja grubo\u015bci naczyni\u00f3wki z wielokrotnych pomiar\u00f3w d\u0142ugo\u015bci oka przy pomocy reflektometru o niskiej koherencji LENSTAR LS 900.\"<\/li>\n<li>Jan Uryga, \"Modelowanie topografii przedniej powierzchni oka.\"<\/li>\n<\/ol>\n<h2>2012\/2013<\/h2>\n<h4><span>Praca magisterska:<\/span><\/h4>\n<ol>\n<li>Hanna Dobosz,\"Pomiar, analiza i modelowanie r\u0105bka rog\u00f3wki za pomoc\u0105 optycznej koherentnej tomografii.\"<\/li>\n<\/ol>\n<h4><span>Prace dyplomowe:<\/span><\/h4>\n<ol>\n<li>Joanna Dyjak,\"Pomiar i analiza rozk\u0142adu przestrzennego filmu \u0142zowego za pomoc\u0105 szybkiego wideokeratoskopu.\"<\/li>\n<li>Maciej Bartuzel, \"Meniskometria na bazie optycznej koherentnej tomografii.\"<\/li>\n<li>Matuesz Jaskulski, \"Metody autofocusingu w profilometrii przedniej powierzchni oka.\"<\/li>\n<li>Malgorzata Stupak, &#8220;Measurement and modelling of corneal limbus.&#8221;<\/li>\n<li>Natalia \u0141ycho\u0144ska, \"Detekcja sto\u017cka rog\u00f3wki za pomoc\u0105 wideokeratoskopii z dyskiem Placido.\"<\/li>\n<li>Marta G\u00f3ra, \"Detekcja sto\u017cka rog\u00f3wki za pomoc\u0105 wideokeratoskopii z dyskiem Placido. Wykorzystanie harmonic sferycznych.\"<\/li>\n<\/ol>","protected":false},"excerpt":{"rendered":"<p>2024\/2025 Master theses: Paulina Niewiadomska, &#8220;Robust modelling of time-varying changes in macro- and microstructure of cornea in-vivo.&#8221; Aleksandra Skrzat, &#8220;Influence of head position on the compatibility of instruments measuring corneal surface parameters.&#8221; 2023\/2024 Bachelor theses: Anna Borowa, &#8220;Investigation of the effectiveness of OCT image registration algorithms in ophthalmic applications.&#8221; Malgorzata Kufel, &#8220;Assessing the effectiveness of &hellip;<\/p>\n<p class=\"read-more\"> <a class=\"\" href=\"https:\/\/dri.pwr.edu.pl\/pl\/past-master-and-bachelor-theses\/\"> <span class=\"screen-reader-text\">Przesz\u0142e Prace Dyplomowe i Magisterskie<\/span> Read More &raquo;<\/a><\/p>","protected":false},"author":1,"featured_media":0,"parent":0,"menu_order":0,"comment_status":"closed","ping_status":"closed","template":"","meta":{"footnotes":""},"class_list":["post-410","page","type-page","status-publish","hentry"],"aioseo_notices":[],"_links":{"self":[{"href":"https:\/\/dri.pwr.edu.pl\/pl\/wp-json\/wp\/v2\/pages\/410","targetHints":{"allow":["GET"]}}],"collection":[{"href":"https:\/\/dri.pwr.edu.pl\/pl\/wp-json\/wp\/v2\/pages"}],"about":[{"href":"https:\/\/dri.pwr.edu.pl\/pl\/wp-json\/wp\/v2\/types\/page"}],"author":[{"embeddable":true,"href":"https:\/\/dri.pwr.edu.pl\/pl\/wp-json\/wp\/v2\/users\/1"}],"replies":[{"embeddable":true,"href":"https:\/\/dri.pwr.edu.pl\/pl\/wp-json\/wp\/v2\/comments?post=410"}],"version-history":[{"count":29,"href":"https:\/\/dri.pwr.edu.pl\/pl\/wp-json\/wp\/v2\/pages\/410\/revisions"}],"predecessor-version":[{"id":1283,"href":"https:\/\/dri.pwr.edu.pl\/pl\/wp-json\/wp\/v2\/pages\/410\/revisions\/1283"}],"wp:attachment":[{"href":"https:\/\/dri.pwr.edu.pl\/pl\/wp-json\/wp\/v2\/media?parent=410"}],"curies":[{"name":"wp","href":"https:\/\/api.w.org\/{rel}","templated":true}]}}