{"id":409,"date":"2013-08-02T08:18:24","date_gmt":"2013-08-02T08:18:24","guid":{"rendered":"http:\/\/dri.pwr.edu.pl\/?page_id=135"},"modified":"2022-08-31T20:04:17","modified_gmt":"2022-08-31T18:04:17","slug":"teaching-2-2","status":"publish","type":"page","link":"https:\/\/dri.pwr.edu.pl\/pl\/teaching-2-2\/","title":{"rendered":"Nauczanie"},"content":{"rendered":"<ol>\n<li><a title=\"Filozofia Nauczania\" href=\"http:\/\/dri.pwr.edu.pl\/pl\/teaching-philosophy\/\">Filozofia Nauczania\u00a0<\/a><\/li>\n<li><a title=\"Indeks EDU\" href=\"http:\/\/dri.pwr.edu.pl\/pl\/edu-index\/\">Indeks EDU<\/a><\/li>\n<li><a title=\"Przesz\u0142e Prace Dyplomowe i Magisterskie\" href=\"http:\/\/dri.pwr.edu.pl\/pl\/past-master-and-bachelor-theses\/\">Przesz\u0142e Prace Dyplomowe i Magisterskie<\/a><\/li>\n<\/ol>\n<p>\"Kr\u00f3tka historia odkrycia dykrotyzmu ocznego.\" Wyk\u0142ad Inauguracyjny Wydzia\u0142u Podstawowych Problem\u00f3w Techniki, Pa\u017adziernik, 2016.<br \/>\n<iframe loading=\"lazy\" width=\"600\" height=\"336\" src=\"https:\/\/www.youtube.com\/embed\/lXXqYYQzhTA\" frameborder=\"0\" allow=\"autoplay; encrypted-media\" allowfullscreen><\/iframe><\/p>\n<h4><strong><h4><strong>Sukcesy naszych student\u00f3w<\/strong><\/h4><\/strong><\/h4>\n<div style=\"overflow: hidden;\">\n<strong><img loading=\"lazy\" decoding=\"async\" class=\"alignleft size-full wp-image-44\" alt=\"hsv\" src=\"http:\/\/dri.pwr.edu.pl\/wp-content\/uploads\/2016\/11\/swisshanna.png\" width=\"130\" height=\"166\" \/>Hanna Nowicka<\/strong>. Hanna Nowicka<\/strong>. Hania uko\u0144czy\u0142a studia I stopnia w dziedzinie in\u017cynierii biomedycznej na Politechnice Wroc\u0142awskiej w 2015 roku. Tematem jej pracy dyplomowej by\u0142 \"Potencjalny efekt drga\u0144 wzd\u0142u\u017cnych w ludzkim oku.\" Podczas swoich studi\u00f3w po\u015bwi\u0119ci\u0142a si\u0119 badaniom sp\u0119dzaj\u0105c du\u017co czasu w Instytucie Bada\u0144 M\u00f3zgu w Brisbane, Australia (2012-2013), HZDR, w Dre\u017anie, Niemcy (2013), oraz na EPFL w Laboratorium Medycznego Przetwarzania Obraz\u00f3w (2014)  w Szwajcarii. Obecnie jest doktorantk\u0105 na <a href=\"http:\/\/www.dtc.ox.ac.uk\/people\/15\/nowickah\/\" target=\"_blank\" rel=\"noopener noreferrer\">Uniwersytecie Oksfordzkim.<\/a>.<\/p>\n<p class=\"translation-block\">Mo\u017cesz przeczyta\u0107 wi\u0119cej o jej podr\u00f3\u017cy badawczej w <a href=\"http:\/\/www.pryzmat.pwr.edu.pl\/wiadomosci\/1110\" target=\"_blank\" rel=\"noopener noreferrer\">Pryzmacie<\/a>.<\/div>\n<div style=\"overflow: hidden;\">\n<strong><img loading=\"lazy\" decoding=\"async\" class=\"alignleft size-full wp-image-44\" alt=\"hsv\" src=\"http:\/\/dri.pwr.edu.pl\/wp-content\/uploads\/2016\/11\/izabela-garaszczuk.png\" width=\"130\" height=\"163\" \/>Izabela Garaszczuk<\/strong>Iza uko\u0144czy\u0142a studia I stopnia w dziedzinie fizyki technicznej oraz studia II stopnia, magisterskie w optometrii, oba na Politechnice Wroc\u0142awskiej odpowiednio w 2013 i 2015 roku. Tematem jej pracy magisterskiej by\u0142 \"Pomiar wymiany filmu \u0142zowego za pomoc\u0105 profilometru fluoresceinowego i optycznej koherentnej tomografii.\" Praca Izy zdoby\u0142a g\u0142\u00f3wn\u0105 nagrod\u0119 w konkursie <a href=\"http:\/\/coopervision-force.com\/coopervision-awards-2016-force-student-of-the-year\/\" target=\"_blank\" rel=\"noopener noreferrer\">CooperVision 2016 FORCE Student of the Year<\/a> . Iza uko\u0144czy\u0142a studia doktorskie w 2018, a w 2019 uzyska\u0142a stopie\u0144 doktora europejskiego (European Joint Doctorate) w dyscyplinie optometrii (Uniwesystet w Walecji) oraz biocybernetyki i in\u017cynierii biomedycznej (Politechnika Wroc\u0142awska).<\/p>\n<p class=\"translation-block\">Mo\u017cesz przeczyta\u0107 wi\u0119cej o sukcesach Izy w <a href=\"http:\/\/www.pryzmat.pwr.edu.pl\/sprawy-studenckie\/1121\" target=\"_blank\" rel=\"noopener noreferrer\">Pryzmacie<\/a> oraz na stronach 56 i 57 magazynu <a href=\"http:\/\/www.gazeta-optyka.pl\/index.php\/wydarzenia\/aktualnosci\/221-nowy-numer-optyki-3-2016\" target=\"_blank\" rel=\"noopener noreferrer\">Optyka<\/a>.<\/div>","protected":false},"excerpt":{"rendered":"<p>Teaching Philosophy\u00a0 The EDU Index Past Master and Bachelor Theses &#8220;A short history of the discovery of the dicrotic ocular pulse,&#8221; Inauguration lecture of the Faculty of Fundamental Problems of Technology, October 2016 (in Polish). Students&#8217; success stories Hanna Nowicka. Hanna received a Bachelor degree in Biomedical Engineering at Wroclaw University of Science and Technology &hellip;<\/p>\n<p class=\"read-more\"> <a class=\"\" href=\"https:\/\/dri.pwr.edu.pl\/pl\/teaching-2-2\/\"> <span class=\"screen-reader-text\">Nauczanie<\/span> Read More &raquo;<\/a><\/p>","protected":false},"author":1,"featured_media":0,"parent":0,"menu_order":0,"comment_status":"closed","ping_status":"closed","template":"","meta":{"footnotes":""},"class_list":["post-409","page","type-page","status-publish","hentry"],"aioseo_notices":[],"_links":{"self":[{"href":"https:\/\/dri.pwr.edu.pl\/pl\/wp-json\/wp\/v2\/pages\/409","targetHints":{"allow":["GET"]}}],"collection":[{"href":"https:\/\/dri.pwr.edu.pl\/pl\/wp-json\/wp\/v2\/pages"}],"about":[{"href":"https:\/\/dri.pwr.edu.pl\/pl\/wp-json\/wp\/v2\/types\/page"}],"author":[{"embeddable":true,"href":"https:\/\/dri.pwr.edu.pl\/pl\/wp-json\/wp\/v2\/users\/1"}],"replies":[{"embeddable":true,"href":"https:\/\/dri.pwr.edu.pl\/pl\/wp-json\/wp\/v2\/comments?post=409"}],"version-history":[{"count":58,"href":"https:\/\/dri.pwr.edu.pl\/pl\/wp-json\/wp\/v2\/pages\/409\/revisions"}],"predecessor-version":[{"id":1170,"href":"https:\/\/dri.pwr.edu.pl\/pl\/wp-json\/wp\/v2\/pages\/409\/revisions\/1170"}],"wp:attachment":[{"href":"https:\/\/dri.pwr.edu.pl\/pl\/wp-json\/wp\/v2\/media?parent=409"}],"curies":[{"name":"wp","href":"https:\/\/api.w.org\/{rel}","templated":true}]}}