{"id":408,"date":"2013-08-02T08:03:46","date_gmt":"2013-08-02T08:03:46","guid":{"rendered":"http:\/\/dri.pwr.edu.pl\/?page_id=131"},"modified":"2022-08-31T14:16:22","modified_gmt":"2022-08-31T12:16:22","slug":"teaching-philosophy-2-2","status":"publish","type":"page","link":"https:\/\/dri.pwr.edu.pl\/pl\/teaching-philosophy-2-2\/","title":{"rendered":"Filozofia Nauczania"},"content":{"rendered":"<p>Na wielu uczelniach na \u015bwiecie zezwala si\u0119 kadrze naukowo-dydaktycznej na prowadzenie zaj\u0119\u0107 ze studentami bez formalnych kwalifikacji pedagogicznych. Dlatego te\u017c, wi\u0119kszo\u015b\u0107 pracownik\u00f3w naukowo-dydaktycznych, w\u0142\u0105cznie ze mn\u0105, musi wyrobi\u0107 sobie w\u0142asne \u201efilozofie nauczania\u201d, kt\u00f3re s\u0105 pewn\u0105 akumulacj\u0105 naszych osobistych do\u015bwiadcze\u0144 nauczycielskich, pracy naukowej, podgl\u0105dania jak robi\u0105 to inni, t\u0142a kulturowego, dyskusji z kolegami oraz samo-nauki. Konsekwencje takich filozofii nauczania s\u0105 nast\u0119pnie poddawane rzeczywistym pr\u00f3bom w \u017cyciu uczelni dostarczaj\u0105c studentom nadmiar r\u00f3\u017cnorodnych do\u015bwiadcze\u0144. Wierz\u0119, \u017ce to pozytywny aspekt dzia\u0142a\u0144 uczelnianych, kt\u00f3ry powinien by\u0107 w przysz\u0142o\u015bci kontynuowany.<\/p>\n<p>Statystyki nauczania w ostatnich latach coraz bardziej odbiegaj\u0105 od tradycyjnie przyj\u0119tych rozk\u0142ad\u00f3w normalnych (krzywa Gaussa) i coraz cz\u0119\u015bciej maj\u0105 charakter bimodalny. Niezale\u017cnie od dziedziny, dwie grupy student\u00f3w mo\u017cna zawsze wyodr\u0119bni\u0107: tych co chc\u0105 si\u0119 uczy\u0107 oraz tych co nie chc\u0105. Podobnie z nauczycielami akademickimi s\u0105 tacy, kt\u00f3rzy uwielbiaj\u0105 uczy\u0107 oraz tacy, kt\u00f3rzy s\u0105 tylko do tego zobowi\u0105zani. Tak wi\u0119c zak\u0142adaj\u0105c, \u017ce powy\u017csze za\u0142o\u017cenia mog\u0105 by\u0107 statystycznie udowodnione, nauczanie na uczelniach mo\u017cna sprowadzi\u0107 do problemu optymalizacji, w kt\u00f3rym jedn\u0105 z dominant trzeba zminimalizowa\u0107, a drug\u0105 zmaksymalizowa\u0107. Niestety, nie jest to czysto matematyczny problem optymalizacji gdy\u017c zawiera w sobie znacz\u0105cy czynnik ludzki, kt\u00f3ry jest trudny do ilo\u015bciowego okre\u015blenia.<\/p>\n<p>Przypisywane Konfucjuszowi jest powiedzenie, \u017ce obraz wart jest tysi\u0105ca s\u0142\u00f3w. Rozwa\u017cmy wi\u0119c proces nauczania w postaci systemu z wsp\u00f3\u0142zale\u017cno\u015bciami oraz z wielokrotnymi wej\u015bciami jak na schemacie poni\u017cej.<\/p>\n<p><a href=\"http:\/\/dri.pwr.edu.pl\/wp-content\/uploads\/2013\/08\/teachsys.gif\"><img loading=\"lazy\" decoding=\"async\" class=\"aligncenter size-full wp-image-68\" alt=\"teachsys\" src=\"http:\/\/dri.pwr.edu.pl\/wp-content\/uploads\/2013\/08\/teachsys.gif\" width=\"700\" height=\"364\" \/><\/a><\/p>\n<p>W schemacie widniej\u0105 dwa g\u0142\u00f3wne podsystemy: jednostka nauczania oraz jednostka ucz\u0105ca si\u0119. Obie jednostki mog\u0105 reprezentowa\u0107 indywidualnego nauczyciela\/ucznia lub te\u017c grup\u0119 nauczycieli\/uczni\u00f3w. Strza\u0142ki pomi\u0119dzy systemami oznaczaj\u0105 przep\u0142ywy informacyjne i zmys\u0142owe. Grubo\u015b\u0107 strza\u0142ek jest proporcjonalna do wa\u017cno\u015bci, ale nie do ilo\u015bci przep\u0142ywaj\u0105cej informacji. G\u0142\u00f3wne przep\u0142ywy pomi\u0119dzy jednostkami s\u0105 dwukierunkowe. Tutaj zwr\u00f3c\u0119 szczeg\u00f3ln\u0105 uwag\u0119 na przep\u0142ywy zwi\u0105zane z moj\u0105 filozofi\u0105 nauczania.<\/p>\n<p>Przekaz informacji o kursie (<em>course information delivery<\/em>) oraz dodatkowe wsparcie uczelni (<em>university support<\/em>) to dwa g\u0142\u00f3wne po\u0142\u0105czenia systemowe. Pozosta\u0142e cztery po\u0142\u0105czenia stanowi\u0105 sprz\u0119\u017cenia zwrotne. Notacja jest nast\u0119puj\u0105ca: [oznakowanie \u2013 jednostka wyj\u015bciowa \u2013 jednostka wej\u015bciowa]. Na przyk\u0142ad, NTLF oznacza p\u0119tl\u0119 <em>Negative Teacher-Learner Feedback<\/em>, oraz opisuje cechy, kt\u00f3re mog\u0105 zmniejszy\u0107 zainteresowanie studenta danym kursem. Podobnie, NLTF oznacza p\u0119tl\u0119 <em>Negative Learner-Teacher Feedback<\/em>, i opisuje cechy, kt\u00f3re mog\u0105 zmniejszy\u0107 motywacje nauczyciela prowadz\u0105cego kurs.<\/p>\n<p>Na jednostk\u0119 nauczania oraz jednostk\u0119 ucz\u0105c\u0105 si\u0119 oddzia\u0142ywaj\u0105 czynniki zdefiniowane tu jako wej\u015bcia systemowe. System edukacji na uczelniach uniwersyteckich r\u00f3\u017cni si\u0119 od innych system\u00f3w nauczania tym, \u017ce zawiera wa\u017cn\u0105 jednostk\u0119 w ca\u0142o\u015bci po\u015bwi\u0119con\u0105 pracy badawczej. Jednostka ta, w znacz\u0105cym stopniu motywuje rozw\u00f3j innowacyjnych metod nauczania. Czytaj wi\u0119cej w wersji angielskoj\u0119zycznej ...<\/p>\n<p><b>CI delivery and university (institutional) support<\/b><\/p>\n<p>Course information delivery is an important aspect of any type of education but it is the most integral part of university-based higher education. It consists of a supply of prescribed material in a particular relatively narrow field of study, and a set of functions that makes this delivery efficient. The university (institutional) support includes common sources of information such as library collections, access to information technology resources, and organisation of communal and cultural student events. All these institutional resources have a very significant though indirect role in the teaching process. A skilled member of the Teaching Unit takes full advantage of these resources adequately utilising them in the curriculum. The CI delivery and the institutional support are common to all types of higher education systems. However, the university-based system has an additional unit in its structure that is devoted to research (i.e., the research considered in this exposition represents an internationally recognised research group in which the members of the Teaching Unit are actively involved).<\/p>\n<p><b>Role of the research unit<\/b><\/p>\n<p>As indicated in Figure above, the Research Unit supports the Teaching Unit with a multitude of innovative examples that can be implemented in the CI delivery and subsequently enhance the teaching outcomes. Academics passionate about their research usually transfer their enthusiasm to students, \u201cinfecting\u201d them with new ideas and a desire to investigate the problems in the field rather than just acquiring course information. Those who love performing their research want to share the outcomes with a wider audience. It is my opinion that this important role of the Research Unit is not sufficiently recognised in a number of universities in which there appears to be a void between those units and teaching units, especially where undergraduate teaching is concerned.<\/p>\n<p>In some cases, the Research Unit can be substituted by active university collaboration with an industry partner. However, experience shows that top-level industry based research have more constrained legal aspects in terms of the intellectual property and commercial sensitivity of research outcomes. The role of such collaborative units in teaching is often less visible and indirect.<\/p>\n<p><b>Factors affecting the Teaching Unit<\/b><\/p>\n<p>The Teaching Unit does not work in isolation. A large number of important factors affect its performance and its teaching effectiveness. In particular, I have identified several such factors that in my opinion influence the performance of the Teaching Unit in the greatest extent.<\/p>\n<ol>\n<li>Continuing education, in terms of a particular field of expertise as well as in terms of teaching methodologies, is one of the most important factors affecting academic teaching performance. It is my opinion that this factor is usually underestimated in the university structures. Opportunities and matrix measures should be developed to encourage academics to constantly update their skills. For example, interdisciplinary ventures and cross-schools teaching activities should be widely available. In engineering, in particular, there should be strong encouragement for academic staff members to develop skills in humanities.<\/li>\n<li>Professional experience, in terms of practical applications of theories, has a significant supporting role in academic teaching. Students require constant stimulation with such support to relate advanced theoretical aspects, which are often difficult to comprehend, to familiar real-world situations.<\/li>\n<li>Cooperative teaching, where two or more members of the Teaching Unit cooperate in the CI delivery, is a significant element of teaching support, provided that the delivery is well structured.<\/li>\n<li>Tutors involvement in teaching beyond their basic duties such as organising tutorials and marking, can positively enhance the academic teaching performance. It is my opinion that the importance of this particular resource is often underestimated or even deliberately ignored due to old-fashioned hierarchical structures that still exist in modern universities.<\/li>\n<li>The advice of external professional organisations and industry partners is very valuable in the content of CI delivery methodologies. It is the industry that determines the job-market for graduates. However, the responsibility of the academics is to look beyond the basic specifications and educate professionals of the future, not of the present day. I believe, that this basic responsibility has somehow been buried in our universities often commercially driven to teach only basic required skills.<\/li>\n<\/ol>\n<p><b>Factors affecting the Learning Unit<\/b><\/p>\n<p>The Learning Unit is also affected by a large number of external factors. Several of them have a particularly strong influence on the learning performance of the unit.<\/p>\n<ol>\n<li>Students are always under peer pressure. This factor has to be accepted and understood by academics when designing methodologies for teaching and when dealing with students\u2019 responses.<\/li>\n<li>Previous university-based learning experiences can significantly enhance students\u2019 performance. The members of the teaching unit should be fully aware of this factor, especially when performing CI delivery in the first two years of undergraduate programs and the first six months of postgraduate programs.<\/li>\n<li>Maturity level, not to be mistaken with the student\u2019s age, is an important factor affecting cooperation and in many cases a smooth flow of information between the Teaching and Learning units.<\/li>\n<li>External incentives, other than those forming the PTLF, include wider recognition of student\u2019s achievements, performance prizes, or even verbal acknowledgments in the presence of peers. These factors and their supportive role in teaching are often overlooked in university structures.<\/li>\n<li>Stimuli, such as student\u2019s personal ambitions and predispositions, could act as a positive active factor in the teaching strategy. This individual student talent should be fostered and further developed in the process of CI delivery.<\/li>\n<\/ol>\n<p><b>NLTF: Negative Learner\u2212Teacher Feedback\u00a0\u00a0\u00a0 <\/b><\/p>\n<p>The negative feedback from the Learning Unit to the Teaching Unit includes components such as:<\/p>\n<ol>\n<li>Lack of interest in the course<\/li>\n<li>Ignorance<\/li>\n<li>Lack of manners<\/li>\n<li>Lack of standards expected from the Learning Unit<\/li>\n<\/ol>\n<p>These attributes can significantly decrease the teacher\u2019s motivation in performing his\/her duties and even affect other Learning Units in the process.<b>\u00a0<\/b><\/p>\n<p><b>PLTF: Positive Learner\u2212Teacher Feedback<\/b><\/p>\n<p>The positive feedback from the Learning Unit to the Teaching Unit includes components such as:<\/p>\n<ol>\n<li>Willingness to learn<\/li>\n<li>Genuine interest in the course<\/li>\n<li>Good manners<\/li>\n<li>Show of respect<\/li>\n<\/ol>\n<p>These attributes make the process of CI delivery uninterrupted and often enhance its quality.<\/p>\n<p><b>NTLF: Negative Teacher\u2212Learner Feedback<\/b><\/p>\n<p>The negative feedback from the Teaching Unit to the Learning Unit includes components such as:<\/p>\n<ol>\n<li>Unstructured teaching and delivery approach<\/li>\n<li>Poor communication skills<\/li>\n<li>Unjustified and\/or unfair methods of assessment<\/li>\n<li>Display of unwillingness to teach<\/li>\n<li>Inability to compromise<\/li>\n<li>Cultural intolerance<\/li>\n<li>Lack of understanding of or unwillingness to understand the individual and personal difficulties of the Learning Unit<\/li>\n<\/ol>\n<p>The above listing consists of attributes that, if observed, should be strongly discouraged and eliminated from the structure of the Teaching Unit.<\/p>\n<p><b>PTLF: Positive Teacher\u2212Learner Feedback<\/b><\/p>\n<p>The positive feedback from the Teaching Unit to the Learning Unit includes components as:<\/p>\n<ol>\n<li>Recognition as an expert in the field<\/li>\n<li>Structured, but imaginative methods of delivery<\/li>\n<li>Clear display of willingness and passion to teach<\/li>\n<li>Approachability and enthusiasm<\/li>\n<li>Achievement recognition of the Learning Unit<\/li>\n<li>Mutual respect and honesty<\/li>\n<\/ol>\n<p>These attributes should be cultivated in and even taught if necessary to the Teaching Unit.<\/p>\n<p><b>Conclusions<\/b><\/p>\n<p>I recognise teaching as the integral part of an academic life. I have a passion to teach. For the last decade, my strong involvement in world-class research devoted to biomedical signal and image processing and its applications to optometry and ophthalmology has significantly amplified this passion. I also understand the concepts of university-based teaching and try, whenever it is practically possible, to follow my personal teaching philosophy as outlined above. However, my latest teaching experience shows that the number of students falling into the category of those who have unwillingness to learn has become alarmingly large. Those students may not be ready for university-based higher education and could perform better in other higher educational institutions.\u00a0 It is my opinion that changing teaching methodologies to accommodate such students in the university ranks can lead to diminished basic standards of our future graduates.\u00a0 Although I am fully aware of the present economical situation of many universities worldwide, as a passionate teacher I strongly oppose the compromise of university standards.\u00a0 On a positive note, it is pleasant to notice that the number of students \u201cinfected\u201d by my passions steadily increases.<\/p>\n<p>\u00a9 D. R. Iskander 2011-2018<\/p>","protected":false},"excerpt":{"rendered":"<p>The university systems in many countries allow faculty members to teach without formal pedagogical qualifications, such as the Graduate Diploma in Higher Education. Thus, most academics, including myself, develop their own \u201cteaching philosophies\u201d based on our personal teaching experiences, research work, careful observations, cultural backgrounds, discussions with our colleagues, and self-education. The outcomes of such &hellip;<\/p>\n<p class=\"read-more\"> <a class=\"\" href=\"https:\/\/dri.pwr.edu.pl\/pl\/teaching-philosophy-2-2\/\"> <span class=\"screen-reader-text\">Filozofia Nauczania<\/span> Read More &raquo;<\/a><\/p>","protected":false},"author":1,"featured_media":0,"parent":0,"menu_order":0,"comment_status":"closed","ping_status":"closed","template":"","meta":{"footnotes":""},"class_list":["post-408","page","type-page","status-publish","hentry"],"aioseo_notices":[],"_links":{"self":[{"href":"https:\/\/dri.pwr.edu.pl\/pl\/wp-json\/wp\/v2\/pages\/408","targetHints":{"allow":["GET"]}}],"collection":[{"href":"https:\/\/dri.pwr.edu.pl\/pl\/wp-json\/wp\/v2\/pages"}],"about":[{"href":"https:\/\/dri.pwr.edu.pl\/pl\/wp-json\/wp\/v2\/types\/page"}],"author":[{"embeddable":true,"href":"https:\/\/dri.pwr.edu.pl\/pl\/wp-json\/wp\/v2\/users\/1"}],"replies":[{"embeddable":true,"href":"https:\/\/dri.pwr.edu.pl\/pl\/wp-json\/wp\/v2\/comments?post=408"}],"version-history":[{"count":5,"href":"https:\/\/dri.pwr.edu.pl\/pl\/wp-json\/wp\/v2\/pages\/408\/revisions"}],"predecessor-version":[{"id":1165,"href":"https:\/\/dri.pwr.edu.pl\/pl\/wp-json\/wp\/v2\/pages\/408\/revisions\/1165"}],"wp:attachment":[{"href":"https:\/\/dri.pwr.edu.pl\/pl\/wp-json\/wp\/v2\/media?parent=408"}],"curies":[{"name":"wp","href":"https:\/\/api.w.org\/{rel}","templated":true}]}}