{"id":1215,"date":"2023-08-03T13:08:13","date_gmt":"2023-08-03T11:08:13","guid":{"rendered":"https:\/\/dri.pwr.edu.pl\/?page_id=1215"},"modified":"2023-08-03T13:08:13","modified_gmt":"2023-08-03T11:08:13","slug":"i-tools","status":"publish","type":"page","link":"https:\/\/dri.pwr.edu.pl\/pl\/i-tools\/","title":{"rendered":"i-Tools"},"content":{"rendered":"<h2><strong>Narz\u0119dzia edukacyjne oparte na MATLAB do zrozumienia optyki widzenia<\/strong><\/h2>\n<p>&nbsp;<\/p>\n<h4>Eye Aberrations App<\/h4>\n<p><a href=\"http:\/\/dri.pwr.edu.pl\/wp-content\/uploads\/2023\/08\/eye_aberrations.jpg\"><img loading=\"lazy\" decoding=\"async\" class=\"alignnone size-full wp-image-1217\" src=\"http:\/\/dri.pwr.edu.pl\/wp-content\/uploads\/2023\/08\/eye_aberrations.jpg\" alt=\"\" width=\"700\" height=\"554\" srcset=\"https:\/\/dri.pwr.edu.pl\/wp-content\/uploads\/2023\/08\/eye_aberrations.jpg 700w, https:\/\/dri.pwr.edu.pl\/wp-content\/uploads\/2023\/08\/eye_aberrations-300x237.jpg 300w, https:\/\/dri.pwr.edu.pl\/wp-content\/uploads\/2023\/08\/eye_aberrations-15x12.jpg 15w\" sizes=\"auto, (max-width: 700px) 100vw, 700px\" \/><\/a><\/p>\n<p>Aplikacja Eye Aberrations umo\u017cliwia wizualizacj\u0119 i zrozumienie wp\u0142ywu aberracji optycznych na jako\u015b\u0107 obrazu na siatk\u00f3wce. Aby j\u0105 uruchomi\u0107, pobierz poni\u017cszy <a href=\"http:\/\/dri.pwr.edu.pl\/wp-content\/uploads\/2023\/08\/eye_aberrations_app.zip\">link<\/a> a nast\u0119pnie:<\/p>\n<p>1. Otw\u00f3rz eye_aberrations_app.mlapp (otwarcie na niekt\u00f3rych komputerach mo\u017ce zaj\u0105\u0107 troch\u0119 czasu)<\/p>\n<p>2. Kliknij \u201eUruchom\u201d w MATLAB Designer<\/p>\n<p>Aplikacja ma wiele Tool_Tip_Strings, kt\u00f3re poprowadz\u0105 Ci\u0119 przez ni\u0105 i wska\u017c\u0105 odpowiednie opublikowane \u017ar\u00f3d\u0142a literaturowe. Wystarczy wskaza\u0107 na suwak, przycisk lub inny element aplikacji, aby aktywowa\u0107 t\u0119 funkcj\u0119.<\/p>\n<p><strong>Finansowanie<\/strong> Narodowa Agencja Wymiany Akademickiej (Polish National Agency for Academic Exchange, PPI\/APM\/2019\/1\/00085\/DEC\/1)<\/p>\n<p><strong>Ujawnienie<\/strong> To oprogramowanie jest chronione prawami autorskimi. Umowa licencyjna:\u00a0 Politechnika Wroc\u0142awska udziela u\u017cytkownikowi prawa do bezp\u0142atnej instalacji, u\u017cywania i kopiowania Aplikacji Eye Aberrations. Aplikacji nie mo\u017cna w\u0142\u0105cza\u0107 w ca\u0142o\u015bci ani w cz\u0119\u015bci do \u017cadnego innego oprogramowania lub produktu. Chocia\u017c do\u0142o\u017cono znacznych stara\u0144, aby Aplikacja by\u0142a niezawodna, nie udzielamy \u017cadnych gwarancji, wyra\u017anych ani dorozumianych, \u017ce funkcje zawarte w tej Aplikacji s\u0105 wolne od b\u0142\u0119d\u00f3w lub s\u0105 zgodne z okre\u015blonymi standardami przydatno\u015bci handlowej lub \u017ce spe\u0142ni\u0105 wymagania u\u017cytkownika dotycz\u0105ce jakiego\u015b konkretnego zastosowania . Je\u015bli stwierdzisz, \u017ce Aplikacja nie dzia\u0142a poprawnie, opisz problem i wy\u015blij go na adres robert.iskander@pwr.edu.pl. Zostan\u0105 podj\u0119te wysi\u0142ki w celu rozwi\u0105zania problemu w przysz\u0142ej wersji.<\/p>\n<hr \/>","protected":false},"excerpt":{"rendered":"<p>MATLAB-based educational tools for understanding visual optics &nbsp; Eye Aberrations App The Eye Aberrations App allows visualization and understanding of the effect of optical aberrations on retinal image quality. To run it download the following link and then: 1. Open eye_aberrations_app.mlapp (this may take some time to open on some computers) 2. Click \u201eRun\u201d in &hellip;<\/p>\n<p class=\"read-more\"> <a class=\"\" href=\"https:\/\/dri.pwr.edu.pl\/pl\/i-tools\/\"> <span class=\"screen-reader-text\">i-Tools<\/span> Read More &raquo;<\/a><\/p>","protected":false},"author":1,"featured_media":0,"parent":0,"menu_order":0,"comment_status":"closed","ping_status":"closed","template":"","meta":{"footnotes":""},"class_list":["post-1215","page","type-page","status-publish","hentry"],"aioseo_notices":[],"_links":{"self":[{"href":"https:\/\/dri.pwr.edu.pl\/pl\/wp-json\/wp\/v2\/pages\/1215","targetHints":{"allow":["GET"]}}],"collection":[{"href":"https:\/\/dri.pwr.edu.pl\/pl\/wp-json\/wp\/v2\/pages"}],"about":[{"href":"https:\/\/dri.pwr.edu.pl\/pl\/wp-json\/wp\/v2\/types\/page"}],"author":[{"embeddable":true,"href":"https:\/\/dri.pwr.edu.pl\/pl\/wp-json\/wp\/v2\/users\/1"}],"replies":[{"embeddable":true,"href":"https:\/\/dri.pwr.edu.pl\/pl\/wp-json\/wp\/v2\/comments?post=1215"}],"version-history":[{"count":8,"href":"https:\/\/dri.pwr.edu.pl\/pl\/wp-json\/wp\/v2\/pages\/1215\/revisions"}],"predecessor-version":[{"id":1226,"href":"https:\/\/dri.pwr.edu.pl\/pl\/wp-json\/wp\/v2\/pages\/1215\/revisions\/1226"}],"wp:attachment":[{"href":"https:\/\/dri.pwr.edu.pl\/pl\/wp-json\/wp\/v2\/media?parent=1215"}],"curies":[{"name":"wp","href":"https:\/\/api.w.org\/{rel}","templated":true}]}}